{"id":260,"date":"2017-01-12T13:26:29","date_gmt":"2017-01-12T10:26:29","guid":{"rendered":"https:\/\/www.univ-chlef.dz\/FSEI\/?page_id=260"},"modified":"2018-10-23T11:27:46","modified_gmt":"2018-10-23T08:27:46","slug":"departements","status":"publish","type":"page","link":"https:\/\/fle.univ-chlef.dz\/?page_id=260","title":{"rendered":"D\u00e9partements"},"content":{"rendered":"<p><span style=\"font-family: tahoma,arial,helvetica,sans-serif;\"><a title=\"Permalien pour D\u00e9partement de Fran\u00e7ais et d'Anglais\" href=\"https:\/\/www.univ-chlef.dz\/FLE\/?p=224\" rel=\"bookmark\"><br \/>\n<span style=\"font-size: 16px;\">Les d\u00e9partements de la facult\u00e9 des Langues Etrang\u00e8res sont:<\/span><\/a><span style=\"font-size: 16px;\"><br \/>\n<\/span><\/span><\/p>\n<div class=\"toggle close\">\n<h3 class=\"toggle-head-open\" style=\"display: block;\"><span style=\"font-family: tahoma,arial,helvetica,sans-serif;\">D\u00e9partement de Fran\u00e7ais<\/span><\/h3>\n<h3 class=\"toggle-head-close\" style=\"display: none;\"><span style=\"font-family: tahoma,arial,helvetica,sans-serif;\">D\u00e9partement de Fran\u00e7ais<i class=\"tieicon-down\"><\/i><\/span><\/h3>\n<div class=\"toggle-content\" style=\"display: block; color: 0b7fbd;\">\n<p><span style=\"color: #0000ff; font-family: tahoma,arial,helvetica,sans-serif;\"><strong><span style=\"text-decoration: underline;\">Chef d\u00e9partement:<\/span>\u00a0\u00a0\u00a0 <\/strong><\/span><span style=\"font-family: tahoma, arial, helvetica, sans-serif;\"><strong>KASSOUL Abdelkader<\/strong><\/span><span style=\"color: #0000ff; font-family: tahoma,arial,helvetica,sans-serif;\"><br \/>\n<\/span><\/p>\n<p><span style=\"text-decoration: underline; color: #0000ff; font-family: tahoma,arial,helvetica,sans-serif;\"><strong>Adjoint:<\/strong><\/span><\/p>\n<p><span style=\"text-decoration: underline; color: #0000ff; font-family: tahoma,arial,helvetica,sans-serif;\"><strong>Contact:<\/strong><\/span><\/p>\n<div class=\"checklist\">\n<ul>\n<li><span style=\"font-family: tahoma,arial,helvetica,sans-serif;\">T\u00e9l: <strong><span style=\"color: #000000;\">027 72 93 87<\/span><\/strong><\/span><\/li>\n<li><span style=\"font-family: tahoma,arial,helvetica,sans-serif;\">Mail:<\/span><\/li>\n<li><span style=\"font-family: tahoma,arial,helvetica,sans-serif;\">Site Web:<\/span><\/li>\n<\/ul>\n<\/div>\n<\/div>\n<\/div>\n<div class=\"toggle open\">\n<h3 class=\"toggle-head-open\" style=\"display: none;\"><span style=\"font-family: tahoma,arial,helvetica,sans-serif;\">D\u00e9partement d&rsquo;Anglais<i class=\"tieicon-up\"><\/i><\/span><\/h3>\n<h3 class=\"toggle-head-close\" style=\"display: block;\"><span style=\"font-family: tahoma,arial,helvetica,sans-serif;\">D\u00e9partement d&rsquo;Anglais<i class=\"tieicon-down\"><\/i><\/span><\/h3>\n<div class=\"toggle-content\" style=\"display: none; color: 0b7fbd;\">\n<p><span style=\"color: #0000ff; font-family: tahoma,arial,helvetica,sans-serif;\"><strong><span style=\"text-decoration: underline;\">Chef d\u00e9partement:<\/span>\u00a0\u00a0\u00a0 <\/strong><\/span><span style=\"font-family: tahoma, arial, helvetica, sans-serif;\"><strong>BENALI REGUIEG Nacera<\/strong><\/span><span style=\"color: #0000ff; font-family: tahoma,arial,helvetica,sans-serif;\"><br \/>\n<\/span><\/p>\n<p><span style=\"text-decoration: underline; color: #0000ff; font-family: tahoma,arial,helvetica,sans-serif;\"><strong>Adjoint:<\/strong><\/span><\/p>\n<p><span style=\"text-decoration: underline; color: #0000ff; font-family: tahoma,arial,helvetica,sans-serif;\"><strong>Contact:<\/strong><\/span><\/p>\n<div class=\"checklist\">\n<ul>\n<li><span style=\"font-family: tahoma,arial,helvetica,sans-serif;\">T\u00e9l: <strong><span style=\"color: #000000;\">027 72 70 81<\/span><\/strong><\/span><\/li>\n<li><span style=\"font-family: tahoma,arial,helvetica,sans-serif;\">Mail:<\/span><\/li>\n<li><span style=\"font-family: tahoma,arial,helvetica,sans-serif;\">Site Web:<\/span><\/li>\n<\/ul>\n<\/div>\n<\/div>\n<\/div>\n","protected":false},"excerpt":{"rendered":"<p>Les d\u00e9partements de la facult\u00e9 des Langues Etrang\u00e8res sont: D\u00e9partement de Fran\u00e7ais D\u00e9partement de Fran\u00e7ais Chef d\u00e9partement:\u00a0\u00a0\u00a0 KASSOUL Abdelkader Adjoint: [&hellip;]<\/p>\n","protected":false},"author":1,"featured_media":0,"parent":234,"menu_order":0,"comment_status":"closed","ping_status":"closed","template":"","meta":{"_uag_custom_page_level_css":"","site-sidebar-layout":"default","site-content-layout":"","ast-site-content-layout":"default","site-content-style":"default","site-sidebar-style":"default","ast-global-header-display":"","ast-banner-title-visibility":"","ast-main-header-display":"","ast-hfb-above-header-display":"","ast-hfb-below-header-display":"","ast-hfb-mobile-header-display":"","site-post-title":"","ast-breadcrumbs-content":"","ast-featured-img":"","footer-sml-layout":"","ast-disable-related-posts":"","theme-transparent-header-meta":"","adv-header-id-meta":"","stick-header-meta":"","header-above-stick-meta":"","header-main-stick-meta":"","header-below-stick-meta":"","astra-migrate-meta-layouts":"default","ast-page-background-enabled":"default","ast-page-background-meta":{"desktop":{"background-color":"var(--ast-global-color-5)","background-image":"","background-repeat":"repeat","background-position":"center center","background-size":"auto","background-attachment":"scroll","background-type":"","background-media":"","overlay-type":"","overlay-color":"","overlay-opacity":"","overlay-gradient":""},"tablet":{"background-color":"","background-image":"","background-repeat":"repeat","background-position":"center center","background-size":"auto","background-attachment":"scroll","background-type":"","background-media":"","overlay-type":"","overlay-color":"","overlay-opacity":"","overlay-gradient":""},"mobile":{"background-color":"","background-image":"","background-repeat":"repeat","background-position":"center center","background-size":"auto","background-attachment":"scroll","background-type":"","background-media":"","overlay-type":"","overlay-color":"","overlay-opacity":"","overlay-gradient":""}},"ast-content-background-meta":{"desktop":{"background-color":"var(--ast-global-color-4)","background-image":"","background-repeat":"repeat","background-position":"center center","background-size":"auto","background-attachment":"scroll","background-type":"","background-media":"","overlay-type":"","overlay-color":"","overlay-opacity":"","overlay-gradient":""},"tablet":{"background-color":"var(--ast-global-color-4)","background-image":"","background-repeat":"repeat","background-position":"center center","background-size":"auto","background-attachment":"scroll","background-type":"","background-media":"","overlay-type":"","overlay-color":"","overlay-opacity":"","overlay-gradient":""},"mobile":{"background-color":"var(--ast-global-color-4)","background-image":"","background-repeat":"repeat","background-position":"center center","background-size":"auto","background-attachment":"scroll","background-type":"","background-media":"","overlay-type":"","overlay-color":"","overlay-opacity":"","overlay-gradient":""}},"footnotes":""},"class_list":["post-260","page","type-page","status-publish","hentry"],"uagb_featured_image_src":{"full":false,"thumbnail":false,"medium":false,"medium_large":false,"large":false,"1536x1536":false,"2048x2048":false},"uagb_author_info":{"display_name":"zouatenia mhamed","author_link":"https:\/\/fle.univ-chlef.dz\/?author=1"},"uagb_comment_info":0,"uagb_excerpt":"Les d\u00e9partements de la facult\u00e9 des Langues Etrang\u00e8res sont: D\u00e9partement de Fran\u00e7ais D\u00e9partement de Fran\u00e7ais Chef d\u00e9partement:\u00a0\u00a0\u00a0 KASSOUL Abdelkader Adjoint: [&hellip;]","_links":{"self":[{"href":"https:\/\/fle.univ-chlef.dz\/index.php?rest_route=\/wp\/v2\/pages\/260","targetHints":{"allow":["GET"]}}],"collection":[{"href":"https:\/\/fle.univ-chlef.dz\/index.php?rest_route=\/wp\/v2\/pages"}],"about":[{"href":"https:\/\/fle.univ-chlef.dz\/index.php?rest_route=\/wp\/v2\/types\/page"}],"author":[{"embeddable":true,"href":"https:\/\/fle.univ-chlef.dz\/index.php?rest_route=\/wp\/v2\/users\/1"}],"replies":[{"embeddable":true,"href":"https:\/\/fle.univ-chlef.dz\/index.php?rest_route=%2Fwp%2Fv2%2Fcomments&post=260"}],"version-history":[{"count":71,"href":"https:\/\/fle.univ-chlef.dz\/index.php?rest_route=\/wp\/v2\/pages\/260\/revisions"}],"predecessor-version":[{"id":1663,"href":"https:\/\/fle.univ-chlef.dz\/index.php?rest_route=\/wp\/v2\/pages\/260\/revisions\/1663"}],"up":[{"embeddable":true,"href":"https:\/\/fle.univ-chlef.dz\/index.php?rest_route=\/wp\/v2\/pages\/234"}],"wp:attachment":[{"href":"https:\/\/fle.univ-chlef.dz\/index.php?rest_route=%2Fwp%2Fv2%2Fmedia&parent=260"}],"curies":[{"name":"wp","href":"https:\/\/api.w.org\/{rel}","templated":true}]}}