{"id":215,"date":"2017-01-11T02:15:44","date_gmt":"2017-01-10T23:15:44","guid":{"rendered":"https:\/\/www.univ-chlef.dz\/FSEI\/?page_id=215"},"modified":"2018-11-27T13:30:45","modified_gmt":"2018-11-27T10:30:45","slug":"departement-de-chimie","status":"publish","type":"page","link":"https:\/\/fle.univ-chlef.dz\/?page_id=215","title":{"rendered":"D\u00e9partement de Fran\u00e7ais"},"content":{"rendered":"<div class=\"toggle close\">\n<h3 class=\"toggle-head-open\" style=\"display: block;\"><span style=\"font-family: tahoma,arial,helvetica,sans-serif;\">D\u00e9partement de Fran\u00e7ais<\/span><\/h3>\n<h3 class=\"toggle-head-close\" style=\"display: none;\"><span style=\"font-family: tahoma,arial,helvetica,sans-serif;\">D\u00e9partement de Fran\u00e7ais<i class=\"tieicon-down\"><\/i><\/span><\/h3>\n<div class=\"toggle-content\" style=\"display: block; color: 0b7fbd;\">\n<p><span style=\"color: #0000ff; font-family: tahoma,arial,helvetica,sans-serif;\"><strong><span style=\"text-decoration: underline;\">Chef d\u00e9partement:<\/span>\u00a0\u00a0\u00a0 <\/strong><\/span><span style=\"font-family: tahoma, arial, helvetica, sans-serif;\"><strong>KASSOUL Abdelkader<\/strong><\/span><span style=\"color: #0000ff; font-family: tahoma,arial,helvetica,sans-serif;\"><br \/>\n<\/span><\/p>\n<p><span style=\"text-decoration: underline; color: #0000ff; font-family: tahoma,arial,helvetica,sans-serif;\"><strong>Adjoint:<\/strong><\/span><\/p>\n<p><span style=\"text-decoration: underline; color: #0000ff; font-family: tahoma,arial,helvetica,sans-serif;\"><strong>Contact:<\/strong><\/span><\/p>\n<div class=\"checklist\">\n<ul>\n<li><span style=\"font-family: tahoma,arial,helvetica,sans-serif;\">T\u00e9l: <strong><span style=\"color: #000000;\">027 72 93 87<\/span><\/strong><\/span><\/li>\n<li><span style=\"font-family: tahoma,arial,helvetica,sans-serif;\">Mail:<\/span><\/li>\n<li><span style=\"font-family: tahoma,arial,helvetica,sans-serif;\">Site Web:<\/span><\/li>\n<\/ul>\n<\/div>\n<\/div>\n<\/div>\n","protected":false},"excerpt":{"rendered":"<p>D\u00e9partement de Fran\u00e7ais D\u00e9partement de Fran\u00e7ais Chef d\u00e9partement:\u00a0\u00a0\u00a0 KASSOUL Abdelkader Adjoint: Contact: T\u00e9l: 027 72 93 87 Mail: Site Web:<\/p>\n","protected":false},"author":1,"featured_media":776,"parent":260,"menu_order":0,"comment_status":"closed","ping_status":"closed","template":"","meta":{"_uag_custom_page_level_css":"","site-sidebar-layout":"default","site-content-layout":"","ast-site-content-layout":"default","site-content-style":"default","site-sidebar-style":"default","ast-global-header-display":"","ast-banner-title-visibility":"","ast-main-header-display":"","ast-hfb-above-header-display":"","ast-hfb-below-header-display":"","ast-hfb-mobile-header-display":"","site-post-title":"","ast-breadcrumbs-content":"","ast-featured-img":"","footer-sml-layout":"","ast-disable-related-posts":"","theme-transparent-header-meta":"","adv-header-id-meta":"","stick-header-meta":"","header-above-stick-meta":"","header-main-stick-meta":"","header-below-stick-meta":"","astra-migrate-meta-layouts":"default","ast-page-background-enabled":"default","ast-page-background-meta":{"desktop":{"background-color":"var(--ast-global-color-5)","background-image":"","background-repeat":"repeat","background-position":"center center","background-size":"auto","background-attachment":"scroll","background-type":"","background-media":"","overlay-type":"","overlay-color":"","overlay-opacity":"","overlay-gradient":""},"tablet":{"background-color":"","background-image":"","background-repeat":"repeat","background-position":"center center","background-size":"auto","background-attachment":"scroll","background-type":"","background-media":"","overlay-type":"","overlay-color":"","overlay-opacity":"","overlay-gradient":""},"mobile":{"background-color":"","background-image":"","background-repeat":"repeat","background-position":"center center","background-size":"auto","background-attachment":"scroll","background-type":"","background-media":"","overlay-type":"","overlay-color":"","overlay-opacity":"","overlay-gradient":""}},"ast-content-background-meta":{"desktop":{"background-color":"var(--ast-global-color-4)","background-image":"","background-repeat":"repeat","background-position":"center center","background-size":"auto","background-attachment":"scroll","background-type":"","background-media":"","overlay-type":"","overlay-color":"","overlay-opacity":"","overlay-gradient":""},"tablet":{"background-color":"var(--ast-global-color-4)","background-image":"","background-repeat":"repeat","background-position":"center center","background-size":"auto","background-attachment":"scroll","background-type":"","background-media":"","overlay-type":"","overlay-color":"","overlay-opacity":"","overlay-gradient":""},"mobile":{"background-color":"var(--ast-global-color-4)","background-image":"","background-repeat":"repeat","background-position":"center center","background-size":"auto","background-attachment":"scroll","background-type":"","background-media":"","overlay-type":"","overlay-color":"","overlay-opacity":"","overlay-gradient":""}},"footnotes":""},"class_list":["post-215","page","type-page","status-publish","has-post-thumbnail","hentry"],"uagb_featured_image_src":{"full":["https:\/\/fle.univ-chlef.dz\/wp-content\/uploads\/2017\/01\/chimie_humbel.jpg",530,300,false],"thumbnail":["https:\/\/fle.univ-chlef.dz\/wp-content\/uploads\/2017\/01\/chimie_humbel-150x150.jpg",150,150,true],"medium":["https:\/\/fle.univ-chlef.dz\/wp-content\/uploads\/2017\/01\/chimie_humbel-300x170.jpg",300,170,true],"medium_large":["https:\/\/fle.univ-chlef.dz\/wp-content\/uploads\/2017\/01\/chimie_humbel.jpg",530,300,false],"large":["https:\/\/fle.univ-chlef.dz\/wp-content\/uploads\/2017\/01\/chimie_humbel.jpg",530,300,false],"1536x1536":["https:\/\/fle.univ-chlef.dz\/wp-content\/uploads\/2017\/01\/chimie_humbel.jpg",530,300,false],"2048x2048":["https:\/\/fle.univ-chlef.dz\/wp-content\/uploads\/2017\/01\/chimie_humbel.jpg",530,300,false]},"uagb_author_info":{"display_name":"zouatenia mhamed","author_link":"https:\/\/fle.univ-chlef.dz\/?author=1"},"uagb_comment_info":0,"uagb_excerpt":"D\u00e9partement de Fran\u00e7ais D\u00e9partement de Fran\u00e7ais Chef d\u00e9partement:\u00a0\u00a0\u00a0 KASSOUL Abdelkader Adjoint: Contact: T\u00e9l: 027 72 93 87 Mail: Site Web:","_links":{"self":[{"href":"https:\/\/fle.univ-chlef.dz\/index.php?rest_route=\/wp\/v2\/pages\/215","targetHints":{"allow":["GET"]}}],"collection":[{"href":"https:\/\/fle.univ-chlef.dz\/index.php?rest_route=\/wp\/v2\/pages"}],"about":[{"href":"https:\/\/fle.univ-chlef.dz\/index.php?rest_route=\/wp\/v2\/types\/page"}],"author":[{"embeddable":true,"href":"https:\/\/fle.univ-chlef.dz\/index.php?rest_route=\/wp\/v2\/users\/1"}],"replies":[{"embeddable":true,"href":"https:\/\/fle.univ-chlef.dz\/index.php?rest_route=%2Fwp%2Fv2%2Fcomments&post=215"}],"version-history":[{"count":3,"href":"https:\/\/fle.univ-chlef.dz\/index.php?rest_route=\/wp\/v2\/pages\/215\/revisions"}],"predecessor-version":[{"id":1724,"href":"https:\/\/fle.univ-chlef.dz\/index.php?rest_route=\/wp\/v2\/pages\/215\/revisions\/1724"}],"up":[{"embeddable":true,"href":"https:\/\/fle.univ-chlef.dz\/index.php?rest_route=\/wp\/v2\/pages\/260"}],"wp:featuredmedia":[{"embeddable":true,"href":"https:\/\/fle.univ-chlef.dz\/index.php?rest_route=\/wp\/v2\/media\/776"}],"wp:attachment":[{"href":"https:\/\/fle.univ-chlef.dz\/index.php?rest_route=%2Fwp%2Fv2%2Fmedia&parent=215"}],"curies":[{"name":"wp","href":"https:\/\/api.w.org\/{rel}","templated":true}]}}