{"id":189,"date":"2017-01-11T01:21:59","date_gmt":"2017-01-10T22:21:59","guid":{"rendered":"https:\/\/www.univ-chlef.dz\/FSEI\/?page_id=189"},"modified":"2024-11-07T16:30:56","modified_gmt":"2024-11-07T13:30:56","slug":"faculte-en-chiffres","status":"publish","type":"page","link":"https:\/\/fle.univ-chlef.dz\/?page_id=189","title":{"rendered":"Facult\u00e9 en chiffres"},"content":{"rendered":"<p>Nombre d\u2019\u00e9tudiants inscrits pour l\u2019ann\u00e9e universitaire 2024\/2025<\/p>\n<table>\n<tbody>\n<tr>\n<td style=\"text-align: center;\" width=\"103\"><strong>D\u00e9partements<\/strong><\/td>\n<td style=\"text-align: center;\" width=\"65\"><strong>1<sup>er<\/sup> ann\u00e9e licence<\/strong><\/td>\n<td style=\"text-align: center;\" width=\"65\"><strong>2<sup>eme<\/sup> ann\u00e9e licence<\/strong><\/td>\n<td style=\"text-align: center;\" width=\"65\"><strong>3<sup>eme<\/sup> ann\u00e9e licence<\/strong><\/td>\n<td style=\"text-align: center;\" width=\"64\"><strong>Total License<\/strong><\/td>\n<td style=\"text-align: center;\" width=\"63\"><strong>1er ann\u00e9e master<\/strong><\/td>\n<td style=\"text-align: center;\" width=\"63\"><strong>2<sup>eme<\/sup> ann\u00e9e master<\/strong><\/td>\n<td style=\"text-align: center;\" width=\"57\"><strong>Total master<\/strong><\/td>\n<td style=\"text-align: center;\" width=\"56\"><strong>Total<\/strong><\/td>\n<\/tr>\n<tr>\n<td style=\"text-align: center;\" width=\"103\"><strong>Fran\u00e7ais<\/strong><\/td>\n<td style=\"text-align: center;\" width=\"65\">308<\/td>\n<td style=\"text-align: center;\" width=\"65\">167<\/td>\n<td style=\"text-align: center;\" width=\"65\">179<\/td>\n<td style=\"text-align: center;\" width=\"64\"><strong>654<\/strong><\/td>\n<td style=\"text-align: center;\" width=\"63\">178<\/td>\n<td style=\"text-align: center;\" width=\"63\">100<\/td>\n<td style=\"text-align: center;\" width=\"57\"><strong>278<\/strong><\/td>\n<td style=\"text-align: center;\" width=\"56\"><strong>932<\/strong><\/td>\n<\/tr>\n<tr>\n<td style=\"text-align: center;\" width=\"103\"><strong>Anglais<\/strong><\/td>\n<td style=\"text-align: center;\" width=\"65\">355<\/td>\n<td style=\"text-align: center;\" width=\"65\">278<\/td>\n<td style=\"text-align: center;\" width=\"65\">262<\/td>\n<td style=\"text-align: center;\" width=\"64\"><strong>895<\/strong><\/td>\n<td style=\"text-align: center;\" width=\"63\">138<\/td>\n<td style=\"text-align: center;\" width=\"63\">107<\/td>\n<td style=\"text-align: center;\" width=\"57\"><strong>254<\/strong><\/td>\n<td style=\"text-align: center;\" width=\"56\"><strong>1140<\/strong><\/td>\n<\/tr>\n<tr>\n<td style=\"text-align: center;\" width=\"103\"><strong>Anglais(Traduction)<\/strong><\/td>\n<td style=\"text-align: center;\" width=\"65\">104<\/td>\n<td style=\"text-align: center;\" width=\"65\">0<\/td>\n<td style=\"text-align: center;\" width=\"65\">0<\/td>\n<td style=\"text-align: center;\" width=\"64\"><strong>104<\/strong><\/td>\n<td style=\"text-align: center;\" width=\"63\">0<\/td>\n<td style=\"text-align: center;\" width=\"63\">0<\/td>\n<td style=\"text-align: center;\" width=\"57\"><strong>0<\/strong><\/td>\n<td style=\"text-align: center;\" width=\"56\"><strong>104<\/strong><\/td>\n<\/tr>\n<tr>\n<td style=\"text-align: center;\" colspan=\"5\" width=\"364\"><strong>\u00a0<\/strong><\/td>\n<td style=\"text-align: center;\" colspan=\"3\" width=\"184\"><strong>Total \u00e9tudiants<\/strong><\/td>\n<td style=\"text-align: center;\" width=\"56\"><strong>2176<\/strong><\/td>\n<\/tr>\n<\/tbody>\n<\/table>\n<p>Encadrement p\u00e9dagogique<\/p>\n<table style=\"width: 640px;\">\n<tbody>\n<tr>\n<td style=\"width: 77px; text-align: center;\"><strong>Grade<\/strong><\/td>\n<td style=\"width: 91px; text-align: center;\"><strong>Professeur<\/strong><\/td>\n<td style=\"width: 115px; text-align: center;\"><strong>Maitre de conf\u00e9rences\u00a0 \u00a0<\/strong><strong>classe A<\/strong><\/td>\n<td style=\"width: 113px; text-align: center;\"><strong>Maitre de conf\u00e9rences classe B<\/strong><\/td>\n<td style=\"width: 104px; text-align: center;\"><strong>Maitre-assistant classe A<\/strong><\/td>\n<td style=\"width: 104px; text-align: center;\"><strong>Maitre-assistant classe B<\/strong><\/td>\n<\/tr>\n<tr>\n<td style=\"width: 77px; text-align: center;\"><strong>Nombre<\/strong><\/td>\n<td style=\"width: 91px; text-align: center;\">04<\/td>\n<td style=\"width: 115px; text-align: center;\">31<\/td>\n<td style=\"width: 113px; text-align: center;\">15<\/td>\n<td style=\"width: 104px; text-align: center;\">29<\/td>\n<td style=\"width: 104px; text-align: center;\">4<\/td>\n<\/tr>\n<\/tbody>\n<\/table>\n","protected":false},"excerpt":{"rendered":"<p>Nombre d\u2019\u00e9tudiants inscrits pour l\u2019ann\u00e9e universitaire 2024\/2025 D\u00e9partements 1er ann\u00e9e licence 2eme ann\u00e9e licence 3eme ann\u00e9e licence Total License 1er [&hellip;]<\/p>\n","protected":false},"author":1,"featured_media":0,"parent":234,"menu_order":0,"comment_status":"closed","ping_status":"closed","template":"","meta":{"_uag_custom_page_level_css":"","site-sidebar-layout":"default","site-content-layout":"","ast-site-content-layout":"default","site-content-style":"default","site-sidebar-style":"default","ast-global-header-display":"","ast-banner-title-visibility":"","ast-main-header-display":"","ast-hfb-above-header-display":"","ast-hfb-below-header-display":"","ast-hfb-mobile-header-display":"","site-post-title":"","ast-breadcrumbs-content":"","ast-featured-img":"","footer-sml-layout":"","ast-disable-related-posts":"","theme-transparent-header-meta":"","adv-header-id-meta":"","stick-header-meta":"","header-above-stick-meta":"","header-main-stick-meta":"","header-below-stick-meta":"","astra-migrate-meta-layouts":"default","ast-page-background-enabled":"default","ast-page-background-meta":{"desktop":{"background-color":"var(--ast-global-color-5)","background-image":"","background-repeat":"repeat","background-position":"center center","background-size":"auto","background-attachment":"scroll","background-type":"","background-media":"","overlay-type":"","overlay-color":"","overlay-opacity":"","overlay-gradient":""},"tablet":{"background-color":"","background-image":"","background-repeat":"repeat","background-position":"center center","background-size":"auto","background-attachment":"scroll","background-type":"","background-media":"","overlay-type":"","overlay-color":"","overlay-opacity":"","overlay-gradient":""},"mobile":{"background-color":"","background-image":"","background-repeat":"repeat","background-position":"center center","background-size":"auto","background-attachment":"scroll","background-type":"","background-media":"","overlay-type":"","overlay-color":"","overlay-opacity":"","overlay-gradient":""}},"ast-content-background-meta":{"desktop":{"background-color":"var(--ast-global-color-4)","background-image":"","background-repeat":"repeat","background-position":"center center","background-size":"auto","background-attachment":"scroll","background-type":"","background-media":"","overlay-type":"","overlay-color":"","overlay-opacity":"","overlay-gradient":""},"tablet":{"background-color":"var(--ast-global-color-4)","background-image":"","background-repeat":"repeat","background-position":"center center","background-size":"auto","background-attachment":"scroll","background-type":"","background-media":"","overlay-type":"","overlay-color":"","overlay-opacity":"","overlay-gradient":""},"mobile":{"background-color":"var(--ast-global-color-4)","background-image":"","background-repeat":"repeat","background-position":"center center","background-size":"auto","background-attachment":"scroll","background-type":"","background-media":"","overlay-type":"","overlay-color":"","overlay-opacity":"","overlay-gradient":""}},"footnotes":""},"class_list":["post-189","page","type-page","status-publish","hentry"],"uagb_featured_image_src":{"full":false,"thumbnail":false,"medium":false,"medium_large":false,"large":false,"1536x1536":false,"2048x2048":false},"uagb_author_info":{"display_name":"zouatenia mhamed","author_link":"https:\/\/fle.univ-chlef.dz\/?author=1"},"uagb_comment_info":0,"uagb_excerpt":"Nombre d\u2019\u00e9tudiants inscrits pour l\u2019ann\u00e9e universitaire 2024\/2025 D\u00e9partements 1er ann\u00e9e licence 2eme ann\u00e9e licence 3eme ann\u00e9e licence Total License 1er [&hellip;]","_links":{"self":[{"href":"https:\/\/fle.univ-chlef.dz\/index.php?rest_route=\/wp\/v2\/pages\/189","targetHints":{"allow":["GET"]}}],"collection":[{"href":"https:\/\/fle.univ-chlef.dz\/index.php?rest_route=\/wp\/v2\/pages"}],"about":[{"href":"https:\/\/fle.univ-chlef.dz\/index.php?rest_route=\/wp\/v2\/types\/page"}],"author":[{"embeddable":true,"href":"https:\/\/fle.univ-chlef.dz\/index.php?rest_route=\/wp\/v2\/users\/1"}],"replies":[{"embeddable":true,"href":"https:\/\/fle.univ-chlef.dz\/index.php?rest_route=%2Fwp%2Fv2%2Fcomments&post=189"}],"version-history":[{"count":7,"href":"https:\/\/fle.univ-chlef.dz\/index.php?rest_route=\/wp\/v2\/pages\/189\/revisions"}],"predecessor-version":[{"id":4271,"href":"https:\/\/fle.univ-chlef.dz\/index.php?rest_route=\/wp\/v2\/pages\/189\/revisions\/4271"}],"up":[{"embeddable":true,"href":"https:\/\/fle.univ-chlef.dz\/index.php?rest_route=\/wp\/v2\/pages\/234"}],"wp:attachment":[{"href":"https:\/\/fle.univ-chlef.dz\/index.php?rest_route=%2Fwp%2Fv2%2Fmedia&parent=189"}],"curies":[{"name":"wp","href":"https:\/\/api.w.org\/{rel}","templated":true}]}}