{"id":180,"date":"2017-01-11T00:26:30","date_gmt":"2017-01-10T21:26:30","guid":{"rendered":"https:\/\/www.univ-chlef.dz\/FSEI\/?page_id=180"},"modified":"2024-02-08T15:47:39","modified_gmt":"2024-02-08T12:47:39","slug":"secretariat-general","status":"publish","type":"page","link":"https:\/\/fle.univ-chlef.dz\/?page_id=180","title":{"rendered":"Secr\u00e9tariat G\u00e9n\u00e9ral"},"content":{"rendered":"<div style=\"font-family: Georgia; font-size: 10px; line-height: 130%;\">\n<p style=\"line-height: 180%;\"><span style=\"font-family: 'times new roman', times, serif; font-size: 14pt;\">Le bureau du secr\u00e9tariat g\u00e9n\u00e9ral contribue \u00e0 la continuit\u00e9 et au d\u00e9veloppement de la facult\u00e9, il est charg\u00e9<\/span><\/p>\n<\/div>\n<div class=\"checklist\">\n<p><span style=\"font-family: 'times new roman', times, serif; font-size: 14pt;\"><strong>La secr\u00e9taire g\u00e9n\u00e9ral de la facult\u00e9 est charg\u00e9\u00a0: <\/strong><\/span><\/p>\n<ul>\n<li><span style=\"font-family: 'times new roman', times, serif; font-size: 14pt;\">D\u2019assurer \u00a0la gestion des carri\u00e8res des personnels de la facult\u00e9\u00a0;<\/span><\/li>\n<li><span style=\"font-family: 'times new roman', times, serif; font-size: 14pt;\">De pr\u00e9parer le projet de plan de gestion des ressources humaines de la facult\u00e9 et d\u2019en assurer l\u2019ex\u00e9cution\u00a0;<\/span><\/li>\n<li><span style=\"font-family: 'times new roman', times, serif; font-size: 14pt;\">D\u2019assurer la gestion et la conservation des archives et de la documentation de la facult\u00e9\u00a0;<\/span><\/li>\n<li><span style=\"font-family: 'times new roman', times, serif; font-size: 14pt;\">De pr\u00e9parer le projet de budget de la facult\u00e9 et d\u2019en assurer l\u2019ex\u00e9cution\u00a0;<\/span><\/li>\n<li><span style=\"font-family: 'times new roman', times, serif; font-size: 14pt;\">De promouvoir avec les structures concern\u00e9es du rectorat les activit\u00e9s scientifiques culturelles et sportives au profit des \u00e9tudiants.<\/span><\/li>\n<li><span style=\"font-family: 'times new roman', times, serif; font-size: 14pt;\">De g\u00e9rer les moyens meubles et immeubles de la facult\u00e9 et de veiller \u00e0 leur entretien et \u00e0 leur maintenance\u00a0;<\/span><\/li>\n<li><span style=\"font-family: 'times new roman', times, serif; font-size: 14pt;\">D\u2019assurer la mise en \u0153uvre du plan de s\u00fbret\u00e9 interne de la facult\u00e9\u00a0;<\/span><\/li>\n<li><span style=\"font-family: 'times new roman', times, serif; font-size: 14pt;\">Il assure la gestion et la conservation des archives et de la documentation du rectorat.<\/span><\/li>\n<\/ul>\n<p><span style=\"font-family: 'times new roman', times, serif; font-size: 14pt;\"><strong>Le secr\u00e9tariat g\u00e9n\u00e9ral de la facult\u00e9 auquel est rattach\u00e9 le bureau de s\u00fbret\u00e9 interne, comprend les services suivants :<\/strong><\/span><\/p>\n<div class=\"toggle open\">\n<h3 class=\"toggle-head-open\" style=\"display: none;\"><span style=\"font-family: tahoma,arial,helvetica,sans-serif;\">Le service des personnels<i class=\"tieicon-up\"><\/i><\/span><\/h3>\n<h3 class=\"toggle-head-close\" style=\"display: block;\"><span style=\"font-family: tahoma,arial,helvetica,sans-serif;\">Le service des personnels<i class=\"tieicon-down\"><\/i><\/span><\/h3>\n<div class=\"toggle-content\" style=\"display: none; color: 0b7fbd;\">\n<p><span style=\"color: #0000ff; font-family: tahoma,arial,helvetica,sans-serif;\"><strong><span style=\"text-decoration: underline;\">Chef service:<\/span>\u00a0\u00a0\u00a0 <\/strong><\/span><span style=\"font-family: tahoma, arial, helvetica, sans-serif;\"><strong>Mr GHAZALI Abdelkadir<\/strong><\/span><span style=\"color: #0000ff; font-family: tahoma,arial,helvetica,sans-serif;\"><br \/>\n<\/span><br \/>\n<span style=\"text-decoration: underline; color: #0000ff; font-family: tahoma,arial,helvetica,sans-serif;\"><strong>Contact:<\/strong><\/span><\/p>\n<div class=\"checklist\">\n<ul>\n<li style=\"list-style-type: none;\">\n<ul>\n<li><span style=\"font-family: tahoma,arial,helvetica,sans-serif;\">T\u00e9l: \u00a0 \u00a0 \u00a0standard n\u00b0\u00a0027 727 660 \u00a0Poste\u00a0: 108 <\/span><\/li>\n<li><span style=\"font-family: tahoma,arial,helvetica,sans-serif;\">Mail:<\/span><\/li>\n<\/ul>\n<\/li>\n<\/ul>\n<\/div>\n<\/div>\n<\/div>\n<div class=\"toggle open\">\n<h3 class=\"toggle-head-open\" style=\"display: none;\"><span style=\"font-family: tahoma,arial,helvetica,sans-serif;\">Le service du budget et de la comptabilit\u00e9<i class=\"tieicon-up\"><\/i><\/span><\/h3>\n<h3 class=\"toggle-head-close\" style=\"display: block;\"><span style=\"font-family: tahoma,arial,helvetica,sans-serif;\">Le service du budget et de la comptabilit\u00e9<i class=\"tieicon-down\"><\/i><\/span><\/h3>\n<div class=\"toggle-content\" style=\"display: none; color: 0b7fbd;\">\n<p><span style=\"color: #0000ff; font-family: tahoma,arial,helvetica,sans-serif;\"><strong><span style=\"text-decoration: underline;\">Chef Service:<\/span>\u00a0\u00a0\u00a0 <\/strong><\/span><span style=\"font-family: tahoma, arial, helvetica, sans-serif;\"><strong>Mr MEFTAH MOHAMED<\/strong><\/span><span style=\"color: #0000ff; font-family: tahoma,arial,helvetica,sans-serif;\"><br \/>\n<\/span><br \/>\n<span style=\"text-decoration: underline; color: #0000ff; font-family: tahoma,arial,helvetica,sans-serif;\"><strong>Contact:<\/strong><\/span><\/p>\n<div class=\"checklist\">\n<ul>\n<li style=\"list-style-type: none;\">\n<ul>\n<li><span style=\"font-family: tahoma,arial,helvetica,sans-serif;\">T\u00e9l: \u00a0 \u00a0 \u00a0standard n\u00b0\u00a0027 727 660 \u00a0Poste\u00a0: 127<\/span><\/li>\n<li><span style=\"font-family: tahoma,arial,helvetica,sans-serif;\">Mail:<\/span><\/li>\n<\/ul>\n<\/li>\n<\/ul>\n<\/div>\n<\/div>\n<\/div>\n<div class=\"toggle open\">\n<h3 class=\"toggle-head-open\" style=\"display: none;\"><span style=\"font-family: tahoma,arial,helvetica,sans-serif;\">Le service de l\u2019animation scientifique , culturelle et sportive<i class=\"tieicon-up\"><\/i><\/span><\/h3>\n<h3 class=\"toggle-head-close\" style=\"display: block;\"><span style=\"font-family: tahoma,arial,helvetica,sans-serif;\">Le service de l\u2019animation scientifique , culturelle et sportive<i class=\"tieicon-down\"><\/i><\/span><\/h3>\n<div class=\"toggle-content\" style=\"display: none; color: 0b7fbd;\">\n<p><span style=\"color: #0000ff; font-family: tahoma,arial,helvetica,sans-serif;\"><strong><span style=\"text-decoration: underline;\">Chef service:<\/span>\u00a0\u00a0\u00a0 <\/strong><\/span><span style=\"font-family: tahoma, arial, helvetica, sans-serif;\"><strong>Mme BOUZEKRI Yamina <\/strong><\/span><span style=\"color: #0000ff; font-family: tahoma,arial,helvetica,sans-serif;\"><br \/>\n<\/span><br \/>\n<span style=\"text-decoration: underline; color: #0000ff; font-family: tahoma,arial,helvetica,sans-serif;\"><strong>Contact:<\/strong><\/span><\/p>\n<div class=\"checklist\">\n<ul>\n<li><span style=\"font-family: tahoma,arial,helvetica,sans-serif;\">T\u00e9l: \u00a0 \u00a0 \u00a0standard n\u00b0\u00a0027 727 660 \u00a0Poste\u00a0: <\/span><\/li>\n<li><span style=\"font-family: tahoma,arial,helvetica,sans-serif;\">Mail:<\/span><\/li>\n<\/ul>\n<\/div>\n<\/div>\n<\/div>\n<div class=\"toggle open\">\n<h3 class=\"toggle-head-open\" style=\"display: none;\"><span style=\"font-family: tahoma,arial,helvetica,sans-serif;\">Le service des moyens et de la maintenance<i class=\"tieicon-up\"><\/i><\/span><\/h3>\n<h3 class=\"toggle-head-close\" style=\"display: block;\"><span style=\"font-family: tahoma,arial,helvetica,sans-serif;\">Le service des moyens et de la maintenance<i class=\"tieicon-down\"><\/i><\/span><\/h3>\n<div class=\"toggle-content\" style=\"display: none; color: 0b7fbd;\">\n<p><span style=\"color: #0000ff; font-family: tahoma,arial,helvetica,sans-serif;\"><strong><span style=\"text-decoration: underline;\">Chef service:<\/span>\u00a0\u00a0\u00a0 <\/strong><\/span><span style=\"font-family: tahoma, arial, helvetica, sans-serif;\"><strong>Mr BEN NADJI Mohammed <\/strong><\/span><span style=\"color: #0000ff; font-family: tahoma,arial,helvetica,sans-serif;\"><br \/>\n<\/span><br \/>\n<span style=\"text-decoration: underline; color: #0000ff; font-family: tahoma,arial,helvetica,sans-serif;\"><strong>Contact:<\/strong><\/span><\/p>\n<div class=\"checklist\">\n<ul>\n<li style=\"list-style-type: none;\">\n<ul>\n<li><span style=\"font-family: tahoma,arial,helvetica,sans-serif;\">T\u00e9l: \u00a0 \u00a0 \u00a0standard n\u00b0\u00a0027 727 660 \u00a0Poste\u00a0: 110 <\/span><\/li>\n<li><span style=\"font-family: tahoma,arial,helvetica,sans-serif;\">Mail:<\/span><\/li>\n<\/ul>\n<\/li>\n<\/ul>\n<\/div>\n<\/div>\n<\/div>\n<\/div>\n<p><span style=\"font-size: 13px; font-family: Tahoma;\">\u00a0<\/span><\/p>\n<h2><strong>Nous Contacter :<\/strong><\/h2>\n<p>[divider]<br \/>\n<strong><span style=\"font-size: 13px; font-family: Tahoma;\">\u00a0<\/span><\/strong><strong>Mr : le secr\u00e9taire g\u00e9n\u00e9ral de la facult\u00e9 : MOUSSAOUI KARIM<\/strong><\/p>\n<p>Adress: P\u00f4le universitaire Ouled Far\u00e8s \u00a0universit\u00e9 \u00a0Hassiba Benbouali de Chlef<br \/>\nBP\u00a0 A37 Ouled Far\u00e8s Chlef.<br \/>\nT\u00e9l \/ Fax: +213(0) 27\u00a0727\u00a0080\u00a0 \u00a0 \u00a0standard n\u00b0\u00a0 027 727 660\u00a0 \u00a0 \u00a0 \u00a0 \u00a0 \u00a0 \u00a0 \u00a0 \u00a0 Poste\u00a0: 106<\/p>\n<p>[divider]<\/p>\n<p>&nbsp;<\/p>\n<p>&nbsp;<\/p>\n<p>&nbsp;<\/p>\n","protected":false},"excerpt":{"rendered":"<p>Le bureau du secr\u00e9tariat g\u00e9n\u00e9ral contribue \u00e0 la continuit\u00e9 et au d\u00e9veloppement de la facult\u00e9, il est charg\u00e9 La secr\u00e9taire [&hellip;]<\/p>\n","protected":false},"author":1,"featured_media":0,"parent":234,"menu_order":0,"comment_status":"closed","ping_status":"closed","template":"","meta":{"_uag_custom_page_level_css":"","site-sidebar-layout":"default","site-content-layout":"","ast-site-content-layout":"default","site-content-style":"default","site-sidebar-style":"default","ast-global-header-display":"","ast-banner-title-visibility":"","ast-main-header-display":"","ast-hfb-above-header-display":"","ast-hfb-below-header-display":"","ast-hfb-mobile-header-display":"","site-post-title":"","ast-breadcrumbs-content":"","ast-featured-img":"","footer-sml-layout":"","ast-disable-related-posts":"","theme-transparent-header-meta":"","adv-header-id-meta":"","stick-header-meta":"","header-above-stick-meta":"","header-main-stick-meta":"","header-below-stick-meta":"","astra-migrate-meta-layouts":"default","ast-page-background-enabled":"default","ast-page-background-meta":{"desktop":{"background-color":"var(--ast-global-color-5)","background-image":"","background-repeat":"repeat","background-position":"center center","background-size":"auto","background-attachment":"scroll","background-type":"","background-media":"","overlay-type":"","overlay-color":"","overlay-opacity":"","overlay-gradient":""},"tablet":{"background-color":"","background-image":"","background-repeat":"repeat","background-position":"center center","background-size":"auto","background-attachment":"scroll","background-type":"","background-media":"","overlay-type":"","overlay-color":"","overlay-opacity":"","overlay-gradient":""},"mobile":{"background-color":"","background-image":"","background-repeat":"repeat","background-position":"center center","background-size":"auto","background-attachment":"scroll","background-type":"","background-media":"","overlay-type":"","overlay-color":"","overlay-opacity":"","overlay-gradient":""}},"ast-content-background-meta":{"desktop":{"background-color":"var(--ast-global-color-4)","background-image":"","background-repeat":"repeat","background-position":"center center","background-size":"auto","background-attachment":"scroll","background-type":"","background-media":"","overlay-type":"","overlay-color":"","overlay-opacity":"","overlay-gradient":""},"tablet":{"background-color":"var(--ast-global-color-4)","background-image":"","background-repeat":"repeat","background-position":"center center","background-size":"auto","background-attachment":"scroll","background-type":"","background-media":"","overlay-type":"","overlay-color":"","overlay-opacity":"","overlay-gradient":""},"mobile":{"background-color":"var(--ast-global-color-4)","background-image":"","background-repeat":"repeat","background-position":"center center","background-size":"auto","background-attachment":"scroll","background-type":"","background-media":"","overlay-type":"","overlay-color":"","overlay-opacity":"","overlay-gradient":""}},"footnotes":""},"class_list":["post-180","page","type-page","status-publish","hentry"],"uagb_featured_image_src":{"full":false,"thumbnail":false,"medium":false,"medium_large":false,"large":false,"1536x1536":false,"2048x2048":false},"uagb_author_info":{"display_name":"zouatenia mhamed","author_link":"https:\/\/fle.univ-chlef.dz\/?author=1"},"uagb_comment_info":0,"uagb_excerpt":"Le bureau du secr\u00e9tariat g\u00e9n\u00e9ral contribue \u00e0 la continuit\u00e9 et au d\u00e9veloppement de la facult\u00e9, il est charg\u00e9 La secr\u00e9taire [&hellip;]","_links":{"self":[{"href":"https:\/\/fle.univ-chlef.dz\/index.php?rest_route=\/wp\/v2\/pages\/180","targetHints":{"allow":["GET"]}}],"collection":[{"href":"https:\/\/fle.univ-chlef.dz\/index.php?rest_route=\/wp\/v2\/pages"}],"about":[{"href":"https:\/\/fle.univ-chlef.dz\/index.php?rest_route=\/wp\/v2\/types\/page"}],"author":[{"embeddable":true,"href":"https:\/\/fle.univ-chlef.dz\/index.php?rest_route=\/wp\/v2\/users\/1"}],"replies":[{"embeddable":true,"href":"https:\/\/fle.univ-chlef.dz\/index.php?rest_route=%2Fwp%2Fv2%2Fcomments&post=180"}],"version-history":[{"count":161,"href":"https:\/\/fle.univ-chlef.dz\/index.php?rest_route=\/wp\/v2\/pages\/180\/revisions"}],"predecessor-version":[{"id":3920,"href":"https:\/\/fle.univ-chlef.dz\/index.php?rest_route=\/wp\/v2\/pages\/180\/revisions\/3920"}],"up":[{"embeddable":true,"href":"https:\/\/fle.univ-chlef.dz\/index.php?rest_route=\/wp\/v2\/pages\/234"}],"wp:attachment":[{"href":"https:\/\/fle.univ-chlef.dz\/index.php?rest_route=%2Fwp%2Fv2%2Fmedia&parent=180"}],"curies":[{"name":"wp","href":"https:\/\/api.w.org\/{rel}","templated":true}]}}