{"id":176,"date":"2017-01-11T00:16:57","date_gmt":"2017-01-10T21:16:57","guid":{"rendered":"https:\/\/www.univ-chlef.dz\/FSEI\/?page_id=176"},"modified":"2025-05-18T10:54:52","modified_gmt":"2025-05-18T07:54:52","slug":"le-vice-doyen-charge-des-etudes-et-des-questions-liees-aux-etudiants","status":"publish","type":"page","link":"https:\/\/fle.univ-chlef.dz\/?page_id=176","title":{"rendered":"Vice-Doyen charg\u00e9 des \u00e9tudes et des questions li\u00e9es aux \u00e9tudiants"},"content":{"rendered":"<p><span style=\"font-family: 'times new roman', times, serif; font-size: 14pt;\"><strong>Le vice-doyen charg\u00e9 des \u00e9tudes et des\u00a0questions li\u00e9es aux \u00e9tudiants a pour t\u00e2ches<\/strong> :<\/span><\/p>\n<ul>\n<li><span style=\"font-family: 'times new roman', times, serif; font-size: 14pt;\">\u00a0d\u2019assurer la gestion et le suivi des inscriptions des\u00a0\u00e9tudiants en graduation.<\/span><\/li>\n<li><span style=\"font-family: 'times new roman', times, serif; font-size: 14pt;\">\u00a0de suivre le d\u00e9roulement des activit\u00e9s\u00a0d\u2019enseignement et de prendre ou proposer au doyen toute\u00a0mesure en vue de leur am\u00e9lioration.<\/span><\/li>\n<li><span style=\"font-family: 'times new roman', times, serif; font-size: 14pt;\">\u00a0de tenir le fichier nominatif et statistique des\u00a0\u00e9tudiants.<\/span><\/li>\n<li><span style=\"font-family: 'times new roman', times, serif; font-size: 14pt;\">\u00a0de recueillir, traiter et diffuser l\u2019information\u00a0p\u00e9dagogique au profit des \u00e9tudiants.<\/span><\/li>\n<\/ul>\n<p>&nbsp;<\/p>\n<p><span style=\"font-family: 'times new roman', times, serif; font-size: 14pt;\"><strong>Le vice-doyen charg\u00e9 des \u00e9tudes et des\u00a0questions li\u00e9es\u00a0aux \u00e9tudiants est assist\u00e9 par<\/strong> :<\/span><\/p>\n<ul>\n<li><span style=\"font-family: 'times new roman', times, serif; font-size: 14pt;\">\u00a0le chef de service de la scolarit\u00e9<\/span><\/li>\n<li><span style=\"font-family: 'times new roman', times, serif; font-size: 14pt;\">\u00a0le chef de service des enseignements et de\u00a0l\u2019\u00e9valuation<\/span><\/li>\n<li><span style=\"font-family: 'times new roman', times, serif; font-size: 14pt;\">\u00a0le chef de service des statistiques, de l\u2019information et\u00a0de l\u2019orientation<\/span><\/li>\n<\/ul>\n<p><span style=\"font-family: 'times new roman', times, serif; font-size: 14pt;\">Contacter:<\/span><\/p>\n<div class=\"toggle close\">\n<h3 class=\"toggle-head-open\" style=\"display: block;\"><span style=\"font-family: tahoma,arial,helvetica,sans-serif;\">Le vice-doyen charg\u00e9 des \u00e9tudes et des\u00a0questions li\u00e9es aux \u00e9tudiants<\/span><\/h3>\n<h3 class=\"toggle-head-close\" style=\"display: none;\"><span style=\"font-family: tahoma,arial,helvetica,sans-serif;\">Le vice-doyen charg\u00e9 des \u00e9tudes et des\u00a0questions li\u00e9es aux \u00e9tudiants<i class=\"tieicon-down\"><\/i><\/span><\/h3>\n<div class=\"toggle-content\" style=\"display: block; color: 0b7fbd;\">\n<p><span style=\"color: #0000ff; font-family: tahoma,arial,helvetica,sans-serif;\"><strong><span style=\"text-decoration: underline;\">Le vice-doyen:<\/span>\u00a0\u00a0\u00a0 <\/strong><\/span><span style=\"font-family: tahoma, arial, helvetica, sans-serif;\"><strong>Mr KERROUZI Redhouane<\/strong><\/span><span style=\"color: #0000ff; font-family: tahoma,arial,helvetica,sans-serif;\"><br \/>\n<\/span><\/p>\n<p><span style=\"text-decoration: underline; color: #0000ff; font-family: tahoma,arial,helvetica,sans-serif;\"><strong>Adjoint:<\/strong><\/span><\/p>\n<p><span style=\"text-decoration: underline; color: #0000ff; font-family: tahoma,arial,helvetica,sans-serif;\"><strong>Contact:<\/strong><\/span><\/p>\n<div class=\"checklist\">\n<ul>\n<li><span style=\"font-family: tahoma,arial,helvetica,sans-serif;\">T\u00e9l\/Fax: <strong><span style=\"color: #000000;\">027 72 76 59<\/span><\/strong><\/span><\/li>\n<li><span style=\"font-family: tahoma,arial,helvetica,sans-serif;\">Mail:<\/span><\/li>\n<\/ul>\n<p>&nbsp;<\/p>\n<\/div>\n<\/div>\n<\/div>\n","protected":false},"excerpt":{"rendered":"<p>Le vice-doyen charg\u00e9 des \u00e9tudes et des\u00a0questions li\u00e9es aux \u00e9tudiants a pour t\u00e2ches : \u00a0d\u2019assurer la gestion et le suivi [&hellip;]<\/p>\n","protected":false},"author":1,"featured_media":0,"parent":234,"menu_order":0,"comment_status":"closed","ping_status":"closed","template":"","meta":{"_uag_custom_page_level_css":"","site-sidebar-layout":"default","site-content-layout":"","ast-site-content-layout":"default","site-content-style":"default","site-sidebar-style":"default","ast-global-header-display":"","ast-banner-title-visibility":"","ast-main-header-display":"","ast-hfb-above-header-display":"","ast-hfb-below-header-display":"","ast-hfb-mobile-header-display":"","site-post-title":"","ast-breadcrumbs-content":"","ast-featured-img":"","footer-sml-layout":"","ast-disable-related-posts":"","theme-transparent-header-meta":"","adv-header-id-meta":"","stick-header-meta":"","header-above-stick-meta":"","header-main-stick-meta":"","header-below-stick-meta":"","astra-migrate-meta-layouts":"default","ast-page-background-enabled":"default","ast-page-background-meta":{"desktop":{"background-color":"var(--ast-global-color-5)","background-image":"","background-repeat":"repeat","background-position":"center center","background-size":"auto","background-attachment":"scroll","background-type":"","background-media":"","overlay-type":"","overlay-color":"","overlay-opacity":"","overlay-gradient":""},"tablet":{"background-color":"","background-image":"","background-repeat":"repeat","background-position":"center center","background-size":"auto","background-attachment":"scroll","background-type":"","background-media":"","overlay-type":"","overlay-color":"","overlay-opacity":"","overlay-gradient":""},"mobile":{"background-color":"","background-image":"","background-repeat":"repeat","background-position":"center center","background-size":"auto","background-attachment":"scroll","background-type":"","background-media":"","overlay-type":"","overlay-color":"","overlay-opacity":"","overlay-gradient":""}},"ast-content-background-meta":{"desktop":{"background-color":"var(--ast-global-color-4)","background-image":"","background-repeat":"repeat","background-position":"center center","background-size":"auto","background-attachment":"scroll","background-type":"","background-media":"","overlay-type":"","overlay-color":"","overlay-opacity":"","overlay-gradient":""},"tablet":{"background-color":"var(--ast-global-color-4)","background-image":"","background-repeat":"repeat","background-position":"center center","background-size":"auto","background-attachment":"scroll","background-type":"","background-media":"","overlay-type":"","overlay-color":"","overlay-opacity":"","overlay-gradient":""},"mobile":{"background-color":"var(--ast-global-color-4)","background-image":"","background-repeat":"repeat","background-position":"center center","background-size":"auto","background-attachment":"scroll","background-type":"","background-media":"","overlay-type":"","overlay-color":"","overlay-opacity":"","overlay-gradient":""}},"footnotes":""},"class_list":["post-176","page","type-page","status-publish","hentry"],"uagb_featured_image_src":{"full":false,"thumbnail":false,"medium":false,"medium_large":false,"large":false,"1536x1536":false,"2048x2048":false},"uagb_author_info":{"display_name":"zouatenia mhamed","author_link":"https:\/\/fle.univ-chlef.dz\/?author=1"},"uagb_comment_info":0,"uagb_excerpt":"Le vice-doyen charg\u00e9 des \u00e9tudes et des\u00a0questions li\u00e9es aux \u00e9tudiants a pour t\u00e2ches : \u00a0d\u2019assurer la gestion et le suivi [&hellip;]","_links":{"self":[{"href":"https:\/\/fle.univ-chlef.dz\/index.php?rest_route=\/wp\/v2\/pages\/176","targetHints":{"allow":["GET"]}}],"collection":[{"href":"https:\/\/fle.univ-chlef.dz\/index.php?rest_route=\/wp\/v2\/pages"}],"about":[{"href":"https:\/\/fle.univ-chlef.dz\/index.php?rest_route=\/wp\/v2\/types\/page"}],"author":[{"embeddable":true,"href":"https:\/\/fle.univ-chlef.dz\/index.php?rest_route=\/wp\/v2\/users\/1"}],"replies":[{"embeddable":true,"href":"https:\/\/fle.univ-chlef.dz\/index.php?rest_route=%2Fwp%2Fv2%2Fcomments&post=176"}],"version-history":[{"count":10,"href":"https:\/\/fle.univ-chlef.dz\/index.php?rest_route=\/wp\/v2\/pages\/176\/revisions"}],"predecessor-version":[{"id":4733,"href":"https:\/\/fle.univ-chlef.dz\/index.php?rest_route=\/wp\/v2\/pages\/176\/revisions\/4733"}],"up":[{"embeddable":true,"href":"https:\/\/fle.univ-chlef.dz\/index.php?rest_route=\/wp\/v2\/pages\/234"}],"wp:attachment":[{"href":"https:\/\/fle.univ-chlef.dz\/index.php?rest_route=%2Fwp%2Fv2%2Fmedia&parent=176"}],"curies":[{"name":"wp","href":"https:\/\/api.w.org\/{rel}","templated":true}]}}