{"id":1143,"date":"2017-05-22T16:30:56","date_gmt":"2017-05-22T13:30:56","guid":{"rendered":"https:\/\/www.univ-chlef.dz\/fle\/?page_id=1143"},"modified":"2026-01-27T15:41:10","modified_gmt":"2026-01-27T12:41:10","slug":"gestion-lmd","status":"publish","type":"page","link":"https:\/\/fle.univ-chlef.dz\/?page_id=1143","title":{"rendered":"Offres de Formation"},"content":{"rendered":"<p><span style=\"font-family: 'times new roman', times, serif; font-size: 14pt;\">Pr\u00e9sentation des Licences et Masters du d\u00e9partement de fran\u00e7ais<\/span><\/p>\n<p><span style=\"font-family: 'times new roman', times, serif; font-size: 14pt;\"><strong>Parcours Licence de fran\u00e7ais\u00a0: <\/strong><\/span><\/p>\n<ul>\n<li><span style=\"font-family: 'times new roman', times, serif; font-size: 14pt;\">Langue Fran\u00e7aise<\/span><\/li>\n<\/ul>\n<p><span style=\"font-family: 'times new roman', times, serif; font-size: 14pt;\"><strong>Parcours Masters de fran\u00e7ais\u00a0<\/strong><\/span><\/p>\n<ul>\n<li><span style=\"font-family: 'times new roman', times, serif; font-size: 14pt;\">Didactique des langues \u00e9trang\u00e8res<\/span><\/li>\n<li><span style=\"font-family: 'times new roman', times, serif; font-size: 14pt;\">Litt\u00e9rature et civilisation<\/span><\/li>\n<li><span style=\"font-family: 'times new roman', times, serif; font-size: 14pt;\">Sciences du langage<\/span><\/li>\n<li><span style=\"font-family: 'times new roman', times, serif; font-size: 14pt;\">Didactique et langues appliqu\u00e9es<\/span><\/li>\n<li><span style=\"font-family: 'times new roman', times, serif; font-size: 14pt;\">Traduction Arabe &#8211; Fran\u00e7ais &#8211; Arabe<\/span><\/li>\n<\/ul>\n<p><span style=\"font-family: 'times new roman', times, serif; font-size: 14pt;\"><strong>Parcours doctorat\u00a0: <\/strong><\/span><\/p>\n<ul>\n<li><span style=\"font-family: 'times new roman', times, serif; font-size: 14pt;\">Doctorat en FLE<\/span><\/li>\n<\/ul>\n<hr \/>\n<p><span style=\"font-family: 'times new roman', times, serif; font-size: 14pt;\">Pr\u00e9sentation des Licences et Masters du d\u00e9partement d\u2019anglais<\/span><\/p>\n<p><span style=\"font-family: 'times new roman', times, serif; font-size: 14pt;\"><strong>Parcours Licence d\u2019anglais\u00a0<\/strong><\/span><\/p>\n<ul>\n<li><span style=\"font-family: 'times new roman', times, serif; font-size: 14pt;\">Langue Anglaise<\/span><\/li>\n<\/ul>\n<p><span style=\"font-family: 'times new roman', times, serif; font-size: 14pt;\"><strong>Parcours Masters d\u2019anglais<\/strong><\/span><\/p>\n<ul>\n<li><span style=\"font-family: 'times new roman', times, serif; font-size: 14pt;\">Litt\u00e9rature g\u00e9n\u00e9rale et compar\u00e9e<\/span><\/li>\n<li><span style=\"font-family: 'times new roman', times, serif; font-size: 14pt;\">Litt\u00e9rature et civilisation<\/span><\/li>\n<li><span style=\"font-family: 'times new roman', times, serif; font-size: 14pt;\">Linguistique Appliqu\u00e9e et Enseignement de l\u2019Anglais<\/span><\/li>\n<li><span style=\"font-family: 'times new roman', times, serif; font-size: 14pt;\">Traduction Arabe &#8211; Fran\u00e7ais &#8211; Anglais<\/span><\/li>\n<\/ul>\n<p><span style=\"font-family: 'times new roman', times, serif; font-size: 14pt;\"><strong>Parcours doctorat : <\/strong><\/span><\/p>\n<ul>\n<li><span style=\"font-family: 'times new roman', times, serif; font-size: 14pt;\">Litt\u00e9rature<\/span><\/li>\n<li><span style=\"font-family: 'times new roman', times, serif; font-size: 14pt;\">Didactique de la Langue Anglaise<\/span><\/li>\n<\/ul>\n<p>\u00a0<\/p>\n\n\n<h4 class=\"wp-block-heading\"><span style=\"font-family: 'times new roman', times, serif;\"><strong>CANEVAS DE FORMATION<\/strong><\/span><\/h4>\n\n\n\n<figure class=\"wp-block-table\"><table class=\"has-fixed-layout\"><tbody><tr><td><strong>D\u00e9partement <\/strong><\/td><td><strong>Licence<\/strong><\/td><td><strong>Master<\/strong><\/td><td><strong>Doctorat<\/strong><\/td><\/tr><tr><td>D\u00e9partement Fran\u00e7ais<\/td><td><p style=\"text-align: center;\"><a href=\"https:\/\/fle.univ-chlef.dz\/wp-content\/uploads\/2025\/09\/Matieres-Licence-L1-L2-L3.pdf\">Canevas licence<\/a><\/p><\/td><td>\n<ol>\n<li><a href=\"https:\/\/fle.univ-chlef.dz\/wp-content\/uploads\/2023\/04\/Canevas-FR-Didactique-des-langues-appliques-FOS.pdf\">Didactique des langues appliques FOS<\/a><\/li>\n<li><a href=\"https:\/\/fle.univ-chlef.dz\/wp-content\/uploads\/2023\/04\/Canevas-FR-didactique-des-langues-etrangeres-FLE.pdf\">Didactique des langues \u00e9trang\u00e8res FLE<\/a><\/li>\n<li><a href=\"https:\/\/fle.univ-chlef.dz\/wp-content\/uploads\/2023\/04\/Canevas-FR-Sciences-du-langage.pdf\">Sciences du langage<\/a><\/li>\n<li><a href=\"https:\/\/fle.univ-chlef.dz\/wp-content\/uploads\/2023\/04\/Canevas-FR-traduction.pdf\">Traduction<\/a><\/li>\n<li><a href=\"https:\/\/fle.univ-chlef.dz\/wp-content\/uploads\/2023\/04\/Canevas-FR-Litterature-et-civilisation.pdf\">Litt\u00e9rature et civilisation<\/a><\/li>\n<\/ol>\n<\/td><td>&nbsp;<\/td><\/tr><tr><td rowspan=\"2\">D\u00e9partement Anglais<\/td><td><a href=\"https:\/\/fle.univ-chlef.dz\/wp-content\/uploads\/2025\/09\/Matieres-Licence-L1-L2-L3.pdf\">Canevas Fili\u00e8re Anglais<\/a><\/td><td><ol><br><li><a href=\"https:\/\/fle.univ-chlef.dz\/wp-content\/uploads\/2025\/09\/3-Master-General-and-comparative-litterature-ang-2025.pdf\">Litt\u00e9rature g\u00e9n\u00e9rale et compar\u00e9e<\/a><\/li><br><li><a href=\"https:\/\/fle.univ-chlef.dz\/wp-content\/uploads\/2025\/09\/2-Master-Litterature-and-civilisation-ang-2025.pdf\">Litt\u00e9rature et civilisation<\/a><\/li><br><li><a href=\"https:\/\/fle.univ-chlef.dz\/wp-content\/uploads\/2025\/09\/1-Master-Applied-Linguistics-and-ELT-ang-2025.pdf\">Applied Linguistics and ELT<\/a><\/li><br><\/ol><\/td><td><a href=\"https:\/\/fle.univ-chlef.dz\/wp-content\/uploads\/2023\/04\/CANEVAS-doctorat-ang.pdf\">Canevas doctorat<\/a><\/td><\/tr><tr><td><a href=\"https:\/\/fle.univ-chlef.dz\/wp-content\/uploads\/2025\/09\/L1-et-L2-traduction-.pdf\">Canevas Fili\u00e8re Traduction<\/a><\/td><td>&nbsp;<\/td><td>&nbsp;<\/td><\/tr><\/tbody><\/table><\/figure>\n\n\n\n<p><span style=\"font-family: 'times new roman', times, serif; font-size: 14pt;\">La Facult\u00e9 de langues \u00e9trang\u00e8res est enfin un lieu de convivialit\u00e9 et d\u2019ouverture, accueillant, notamment avec l\u2019aide d\u2019associations \u00e9tudiantes et sportives dynamiques. C\u2019est ce qui permet aux \u00e9tudiants de travailler &nbsp;dans un cadre agr\u00e9able, chaleureux et serein.<\/span><\/p>\n","protected":false},"excerpt":{"rendered":"<p>Pr\u00e9sentation des Licences et Masters du d\u00e9partement de fran\u00e7ais Parcours Licence de fran\u00e7ais\u00a0: Langue Fran\u00e7aise Parcours Masters de fran\u00e7ais\u00a0 Didactique [&hellip;]<\/p>\n","protected":false},"author":5,"featured_media":0,"parent":270,"menu_order":0,"comment_status":"closed","ping_status":"closed","template":"","meta":{"_uag_custom_page_level_css":"","site-sidebar-layout":"default","site-content-layout":"","ast-site-content-layout":"default","site-content-style":"default","site-sidebar-style":"default","ast-global-header-display":"","ast-banner-title-visibility":"","ast-main-header-display":"","ast-hfb-above-header-display":"","ast-hfb-below-header-display":"","ast-hfb-mobile-header-display":"","site-post-title":"","ast-breadcrumbs-content":"","ast-featured-img":"","footer-sml-layout":"","ast-disable-related-posts":"","theme-transparent-header-meta":"","adv-header-id-meta":"","stick-header-meta":"","header-above-stick-meta":"","header-main-stick-meta":"","header-below-stick-meta":"","astra-migrate-meta-layouts":"default","ast-page-background-enabled":"default","ast-page-background-meta":{"desktop":{"background-color":"var(--ast-global-color-5)","background-image":"","background-repeat":"repeat","background-position":"center center","background-size":"auto","background-attachment":"scroll","background-type":"","background-media":"","overlay-type":"","overlay-color":"","overlay-opacity":"","overlay-gradient":""},"tablet":{"background-color":"","background-image":"","background-repeat":"repeat","background-position":"center center","background-size":"auto","background-attachment":"scroll","background-type":"","background-media":"","overlay-type":"","overlay-color":"","overlay-opacity":"","overlay-gradient":""},"mobile":{"background-color":"","background-image":"","background-repeat":"repeat","background-position":"center center","background-size":"auto","background-attachment":"scroll","background-type":"","background-media":"","overlay-type":"","overlay-color":"","overlay-opacity":"","overlay-gradient":""}},"ast-content-background-meta":{"desktop":{"background-color":"var(--ast-global-color-4)","background-image":"","background-repeat":"repeat","background-position":"center center","background-size":"auto","background-attachment":"scroll","background-type":"","background-media":"","overlay-type":"","overlay-color":"","overlay-opacity":"","overlay-gradient":""},"tablet":{"background-color":"var(--ast-global-color-4)","background-image":"","background-repeat":"repeat","background-position":"center center","background-size":"auto","background-attachment":"scroll","background-type":"","background-media":"","overlay-type":"","overlay-color":"","overlay-opacity":"","overlay-gradient":""},"mobile":{"background-color":"var(--ast-global-color-4)","background-image":"","background-repeat":"repeat","background-position":"center center","background-size":"auto","background-attachment":"scroll","background-type":"","background-media":"","overlay-type":"","overlay-color":"","overlay-opacity":"","overlay-gradient":""}},"footnotes":""},"class_list":["post-1143","page","type-page","status-publish","hentry"],"uagb_featured_image_src":{"full":false,"thumbnail":false,"medium":false,"medium_large":false,"large":false,"1536x1536":false,"2048x2048":false},"uagb_author_info":{"display_name":"","author_link":"https:\/\/fle.univ-chlef.dz\/?author=5"},"uagb_comment_info":0,"uagb_excerpt":"Pr\u00e9sentation des Licences et Masters du d\u00e9partement de fran\u00e7ais Parcours Licence de fran\u00e7ais\u00a0: Langue Fran\u00e7aise Parcours Masters de fran\u00e7ais\u00a0 Didactique [&hellip;]","_links":{"self":[{"href":"https:\/\/fle.univ-chlef.dz\/index.php?rest_route=\/wp\/v2\/pages\/1143","targetHints":{"allow":["GET"]}}],"collection":[{"href":"https:\/\/fle.univ-chlef.dz\/index.php?rest_route=\/wp\/v2\/pages"}],"about":[{"href":"https:\/\/fle.univ-chlef.dz\/index.php?rest_route=\/wp\/v2\/types\/page"}],"author":[{"embeddable":true,"href":"https:\/\/fle.univ-chlef.dz\/index.php?rest_route=\/wp\/v2\/users\/5"}],"replies":[{"embeddable":true,"href":"https:\/\/fle.univ-chlef.dz\/index.php?rest_route=%2Fwp%2Fv2%2Fcomments&post=1143"}],"version-history":[{"count":14,"href":"https:\/\/fle.univ-chlef.dz\/index.php?rest_route=\/wp\/v2\/pages\/1143\/revisions"}],"predecessor-version":[{"id":5137,"href":"https:\/\/fle.univ-chlef.dz\/index.php?rest_route=\/wp\/v2\/pages\/1143\/revisions\/5137"}],"up":[{"embeddable":true,"href":"https:\/\/fle.univ-chlef.dz\/index.php?rest_route=\/wp\/v2\/pages\/270"}],"wp:attachment":[{"href":"https:\/\/fle.univ-chlef.dz\/index.php?rest_route=%2Fwp%2Fv2%2Fmedia&parent=1143"}],"curies":[{"name":"wp","href":"https:\/\/api.w.org\/{rel}","templated":true}]}}