{"id":1012,"date":"2017-04-26T15:38:39","date_gmt":"2017-04-26T12:38:39","guid":{"rendered":"https:\/\/www.univ-chlef.dz\/fle\/?page_id=1012"},"modified":"2017-06-07T13:35:12","modified_gmt":"2017-06-07T10:35:12","slug":"la-bibliotheque-en-chiffres","status":"publish","type":"page","link":"https:\/\/fle.univ-chlef.dz\/?page_id=1012","title":{"rendered":"La biblioth\u00e8que en chiffres"},"content":{"rendered":"<p>La Bibiolth\u00e8que de la FLE offre \u00e0 ses lecteurs une collection riche est diversifi\u00e9e de plus de 6272 ouvrages.<\/p>\n<table style=\"width: 708px;\">\n<tbody>\n<tr style=\"height: 24px;\">\n<td style=\"width: 535px; height: 24px;\"><strong>Nombre Totale des Ouvrages (notices)<\/strong><\/td>\n<td style=\"width: 161px; height: 24px; text-align: left;\"><strong>\u00a0\u00a06272<\/strong><\/td>\n<\/tr>\n<tr style=\"height: 24px;\">\n<td style=\"width: 535px; height: 24px;\"><strong>Nombre Totale des Exemplaires<\/strong><\/td>\n<td style=\"width: 161px; height: 24px; text-align: left;\"><strong>\u00a0\u00a014159<\/strong><\/td>\n<\/tr>\n<tr style=\"height: 24px;\">\n<td style=\"width: 535px; height: 24px;\"><strong>Th\u00e8ses de Licence<\/strong><\/td>\n<td style=\"width: 161px; height: 24px; text-align: left;\"><strong>\u00a0 146<\/strong><\/td>\n<\/tr>\n<tr style=\"height: 24px;\">\n<td style=\"width: 535px; height: 24px;\"><strong>Th\u00e8ses de Master<\/strong><\/td>\n<td style=\"width: 161px; height: 24px; text-align: left;\"><strong>\u00a0 232<\/strong><\/td>\n<\/tr>\n<tr style=\"height: 24px;\">\n<td style=\"width: 535px; height: 24px;\"><strong>Th\u00e8ses de Magister<\/strong><\/td>\n<td style=\"width: 161px; height: 24px; text-align: left;\"><strong>\u00a004<\/strong><\/td>\n<\/tr>\n<tr style=\"height: 24px;\">\n<td style=\"width: 535px; height: 24px;\"><strong>Th\u00e8ses de Doctorat<\/strong><\/td>\n<td style=\"width: 161px; height: 24px; text-align: left;\"><strong>\u00a0\u00a001<\/strong><\/td>\n<\/tr>\n<\/tbody>\n<\/table>\n","protected":false},"excerpt":{"rendered":"<p>La Bibiolth\u00e8que de la FLE offre \u00e0 ses lecteurs une collection riche est diversifi\u00e9e de plus de 6272 ouvrages. Nombre [&hellip;]<\/p>\n","protected":false},"author":5,"featured_media":0,"parent":205,"menu_order":0,"comment_status":"closed","ping_status":"closed","template":"","meta":{"_uag_custom_page_level_css":"","site-sidebar-layout":"default","site-content-layout":"","ast-site-content-layout":"default","site-content-style":"default","site-sidebar-style":"default","ast-global-header-display":"","ast-banner-title-visibility":"","ast-main-header-display":"","ast-hfb-above-header-display":"","ast-hfb-below-header-display":"","ast-hfb-mobile-header-display":"","site-post-title":"","ast-breadcrumbs-content":"","ast-featured-img":"","footer-sml-layout":"","ast-disable-related-posts":"","theme-transparent-header-meta":"","adv-header-id-meta":"","stick-header-meta":"","header-above-stick-meta":"","header-main-stick-meta":"","header-below-stick-meta":"","astra-migrate-meta-layouts":"default","ast-page-background-enabled":"default","ast-page-background-meta":{"desktop":{"background-color":"var(--ast-global-color-5)","background-image":"","background-repeat":"repeat","background-position":"center center","background-size":"auto","background-attachment":"scroll","background-type":"","background-media":"","overlay-type":"","overlay-color":"","overlay-opacity":"","overlay-gradient":""},"tablet":{"background-color":"","background-image":"","background-repeat":"repeat","background-position":"center center","background-size":"auto","background-attachment":"scroll","background-type":"","background-media":"","overlay-type":"","overlay-color":"","overlay-opacity":"","overlay-gradient":""},"mobile":{"background-color":"","background-image":"","background-repeat":"repeat","background-position":"center center","background-size":"auto","background-attachment":"scroll","background-type":"","background-media":"","overlay-type":"","overlay-color":"","overlay-opacity":"","overlay-gradient":""}},"ast-content-background-meta":{"desktop":{"background-color":"var(--ast-global-color-4)","background-image":"","background-repeat":"repeat","background-position":"center center","background-size":"auto","background-attachment":"scroll","background-type":"","background-media":"","overlay-type":"","overlay-color":"","overlay-opacity":"","overlay-gradient":""},"tablet":{"background-color":"var(--ast-global-color-4)","background-image":"","background-repeat":"repeat","background-position":"center center","background-size":"auto","background-attachment":"scroll","background-type":"","background-media":"","overlay-type":"","overlay-color":"","overlay-opacity":"","overlay-gradient":""},"mobile":{"background-color":"var(--ast-global-color-4)","background-image":"","background-repeat":"repeat","background-position":"center center","background-size":"auto","background-attachment":"scroll","background-type":"","background-media":"","overlay-type":"","overlay-color":"","overlay-opacity":"","overlay-gradient":""}},"footnotes":""},"class_list":["post-1012","page","type-page","status-publish","hentry"],"uagb_featured_image_src":{"full":false,"thumbnail":false,"medium":false,"medium_large":false,"large":false,"1536x1536":false,"2048x2048":false},"uagb_author_info":{"display_name":"","author_link":"https:\/\/fle.univ-chlef.dz\/?author=5"},"uagb_comment_info":0,"uagb_excerpt":"La Bibiolth\u00e8que de la FLE offre \u00e0 ses lecteurs une collection riche est diversifi\u00e9e de plus de 6272 ouvrages. Nombre [&hellip;]","_links":{"self":[{"href":"https:\/\/fle.univ-chlef.dz\/index.php?rest_route=\/wp\/v2\/pages\/1012","targetHints":{"allow":["GET"]}}],"collection":[{"href":"https:\/\/fle.univ-chlef.dz\/index.php?rest_route=\/wp\/v2\/pages"}],"about":[{"href":"https:\/\/fle.univ-chlef.dz\/index.php?rest_route=\/wp\/v2\/types\/page"}],"author":[{"embeddable":true,"href":"https:\/\/fle.univ-chlef.dz\/index.php?rest_route=\/wp\/v2\/users\/5"}],"replies":[{"embeddable":true,"href":"https:\/\/fle.univ-chlef.dz\/index.php?rest_route=%2Fwp%2Fv2%2Fcomments&post=1012"}],"version-history":[{"count":5,"href":"https:\/\/fle.univ-chlef.dz\/index.php?rest_route=\/wp\/v2\/pages\/1012\/revisions"}],"predecessor-version":[{"id":1263,"href":"https:\/\/fle.univ-chlef.dz\/index.php?rest_route=\/wp\/v2\/pages\/1012\/revisions\/1263"}],"up":[{"embeddable":true,"href":"https:\/\/fle.univ-chlef.dz\/index.php?rest_route=\/wp\/v2\/pages\/205"}],"wp:attachment":[{"href":"https:\/\/fle.univ-chlef.dz\/index.php?rest_route=%2Fwp%2Fv2%2Fmedia&parent=1012"}],"curies":[{"name":"wp","href":"https:\/\/api.w.org\/{rel}","templated":true}]}}