{"id":1010,"date":"2017-04-26T15:36:02","date_gmt":"2017-04-26T12:36:02","guid":{"rendered":"https:\/\/www.univ-chlef.dz\/fle\/?page_id=1010"},"modified":"2017-04-26T15:36:02","modified_gmt":"2017-04-26T12:36:02","slug":"liens-utiles-et-ressources-numeriques","status":"publish","type":"page","link":"https:\/\/fle.univ-chlef.dz\/?page_id=1010","title":{"rendered":"Liens utiles et ressources num\u00e9riques"},"content":{"rendered":"<table width=\"1322\">\n<tbody>\n<tr>\n<td width=\"307\"><strong>Email Biblioth\u00e9que centrale<\/strong><\/td>\n<td width=\"307\">bucentrale@univ-chlef.dz<\/td>\n<\/tr>\n<tr>\n<td width=\"307\"><strong>Lien catalogue des livres &amp; Th\u00e8ses<\/strong>Logiciel de gestion de la biblioth\u00e9que Centrale<\/td>\n<td width=\"307\">https:\/\/bu.univ-chlef.dz<\/td>\n<\/tr>\n<tr>\n<td width=\"307\"><strong>Lien des Archives Ouvertes DSpace<\/strong>Le d\u00e9p\u00f4t institutionnel de l\u2019Universit\u00e9 Hassiba Benbouali de Chlef est une archive num\u00e9rique compos\u00e9e de la production scientifique de l\u2019Universit\u00e9 (Th\u00e8ses magister et Doctorat &amp; Master II, Congr\u00e8s et conf\u00e9rences, Travaux de laboratoires de Recherche). DSpace g\u00e8re, conserve et met \u00e0 disposition les travaux acad\u00e9miques de l\u2019Universit\u00e9.<\/td>\n<td width=\"307\"><a href=\"https:\/\/dspace.univ-chlef.dz:8080\/jspui\/\">https:\/\/dspace.univ-chlef.dz:8080\/jspui\/<\/a><\/td>\n<\/tr>\n<tr>\n<td width=\"307\"><strong>Lien de site web de la Biblioth\u00e8que<\/strong><\/td>\n<td width=\"307\">https:\/\/www.univ-chlef.dz\/bc\/<\/td>\n<\/tr>\n<tr>\n<td width=\"307\"><strong>Abonnement de Jstor via Adresse Ip<\/strong><strong>JSTOR<\/strong>\u00a0(contraction de\u00a0Journal Storage) est \u00e0 la fois un syst\u00e8me d\u2019archivage en ligne de publications universitaires et scientifiques et une\u00a0<a href=\"https:\/\/fr.wikipedia.org\/wiki\/Biblioth%C3%A8que_num%C3%A9rique\">biblioth\u00e8que num\u00e9rique<\/a><\/p>\n<p>JSTOR est accessible aux \u00e9tablissements ayant souscrit un abonnement. La plateforme propose des abonnements th\u00e9matiques d\u00e9limitant diff\u00e9rentes approches transdisciplinaire.<\/td>\n<td width=\"307\">&nbsp;<\/p>\n<p>&nbsp;<\/p>\n<p>https:\/\/www.jstor.org<\/td>\n<\/tr>\n<tr>\n<td width=\"307\"><strong>Participation au catalogue Collectif d\u2019Alg\u00e9rie<\/strong><strong> CCdz<\/strong><strong>CCdz<\/strong>\u00a0est un catalogue national qui regroupe l\u00b4ensemble des fonds documentaires des biblioth\u00e8ques alg\u00e9riennes<\/td>\n<td width=\"307\"><a href=\"https:\/\/www.ccdz.cerist.dz\/\">https:\/\/www.ccdz.cerist.dz<\/a><\/td>\n<\/tr>\n<tr>\n<td width=\"307\"><strong>Sndl &amp; Pnst<\/strong><\/td>\n<td width=\"307\">https:\/\/www.sndl.cerist.dz<\/td>\n<\/tr>\n<tr>\n<td width=\"307\"><strong>Webreview<\/strong> \u00a0est un site f\u00e9d\u00e9rateur des revues scientifiques. Il met \u00e0 la disposition des utilisateurs un ensemble de revues scientifiques alg\u00e9riennes couvrant tous les domaines. Webreview est ouvert \u00e0 toute revue d\u00e9sireuse de publier son contenu en ligne soit en mode d\u2019acc\u00e8s complet ou restreint permettant ainsi la valorisation de la recherche scientifique en Alg\u00e9rie<\/td>\n<td width=\"307\">https:\/\/www.webreview.dz<\/td>\n<\/tr>\n<\/tbody>\n<\/table>\n","protected":false},"excerpt":{"rendered":"<p>Email Biblioth\u00e9que centrale bucentrale@univ-chlef.dz Lien catalogue des livres &amp; Th\u00e8sesLogiciel de gestion de la biblioth\u00e9que Centrale https:\/\/bu.univ-chlef.dz Lien des Archives [&hellip;]<\/p>\n","protected":false},"author":5,"featured_media":0,"parent":205,"menu_order":0,"comment_status":"closed","ping_status":"closed","template":"","meta":{"_uag_custom_page_level_css":"","site-sidebar-layout":"default","site-content-layout":"","ast-site-content-layout":"default","site-content-style":"default","site-sidebar-style":"default","ast-global-header-display":"","ast-banner-title-visibility":"","ast-main-header-display":"","ast-hfb-above-header-display":"","ast-hfb-below-header-display":"","ast-hfb-mobile-header-display":"","site-post-title":"","ast-breadcrumbs-content":"","ast-featured-img":"","footer-sml-layout":"","ast-disable-related-posts":"","theme-transparent-header-meta":"","adv-header-id-meta":"","stick-header-meta":"","header-above-stick-meta":"","header-main-stick-meta":"","header-below-stick-meta":"","astra-migrate-meta-layouts":"default","ast-page-background-enabled":"default","ast-page-background-meta":{"desktop":{"background-color":"var(--ast-global-color-5)","background-image":"","background-repeat":"repeat","background-position":"center center","background-size":"auto","background-attachment":"scroll","background-type":"","background-media":"","overlay-type":"","overlay-color":"","overlay-opacity":"","overlay-gradient":""},"tablet":{"background-color":"","background-image":"","background-repeat":"repeat","background-position":"center center","background-size":"auto","background-attachment":"scroll","background-type":"","background-media":"","overlay-type":"","overlay-color":"","overlay-opacity":"","overlay-gradient":""},"mobile":{"background-color":"","background-image":"","background-repeat":"repeat","background-position":"center center","background-size":"auto","background-attachment":"scroll","background-type":"","background-media":"","overlay-type":"","overlay-color":"","overlay-opacity":"","overlay-gradient":""}},"ast-content-background-meta":{"desktop":{"background-color":"var(--ast-global-color-4)","background-image":"","background-repeat":"repeat","background-position":"center center","background-size":"auto","background-attachment":"scroll","background-type":"","background-media":"","overlay-type":"","overlay-color":"","overlay-opacity":"","overlay-gradient":""},"tablet":{"background-color":"var(--ast-global-color-4)","background-image":"","background-repeat":"repeat","background-position":"center center","background-size":"auto","background-attachment":"scroll","background-type":"","background-media":"","overlay-type":"","overlay-color":"","overlay-opacity":"","overlay-gradient":""},"mobile":{"background-color":"var(--ast-global-color-4)","background-image":"","background-repeat":"repeat","background-position":"center center","background-size":"auto","background-attachment":"scroll","background-type":"","background-media":"","overlay-type":"","overlay-color":"","overlay-opacity":"","overlay-gradient":""}},"footnotes":""},"class_list":["post-1010","page","type-page","status-publish","hentry"],"uagb_featured_image_src":{"full":false,"thumbnail":false,"medium":false,"medium_large":false,"large":false,"1536x1536":false,"2048x2048":false},"uagb_author_info":{"display_name":"","author_link":"https:\/\/fle.univ-chlef.dz\/?author=5"},"uagb_comment_info":0,"uagb_excerpt":"Email Biblioth\u00e9que centrale bucentrale@univ-chlef.dz Lien catalogue des livres &amp; Th\u00e8sesLogiciel de gestion de la biblioth\u00e9que Centrale https:\/\/bu.univ-chlef.dz Lien des Archives [&hellip;]","_links":{"self":[{"href":"https:\/\/fle.univ-chlef.dz\/index.php?rest_route=\/wp\/v2\/pages\/1010","targetHints":{"allow":["GET"]}}],"collection":[{"href":"https:\/\/fle.univ-chlef.dz\/index.php?rest_route=\/wp\/v2\/pages"}],"about":[{"href":"https:\/\/fle.univ-chlef.dz\/index.php?rest_route=\/wp\/v2\/types\/page"}],"author":[{"embeddable":true,"href":"https:\/\/fle.univ-chlef.dz\/index.php?rest_route=\/wp\/v2\/users\/5"}],"replies":[{"embeddable":true,"href":"https:\/\/fle.univ-chlef.dz\/index.php?rest_route=%2Fwp%2Fv2%2Fcomments&post=1010"}],"version-history":[{"count":1,"href":"https:\/\/fle.univ-chlef.dz\/index.php?rest_route=\/wp\/v2\/pages\/1010\/revisions"}],"predecessor-version":[{"id":1011,"href":"https:\/\/fle.univ-chlef.dz\/index.php?rest_route=\/wp\/v2\/pages\/1010\/revisions\/1011"}],"up":[{"embeddable":true,"href":"https:\/\/fle.univ-chlef.dz\/index.php?rest_route=\/wp\/v2\/pages\/205"}],"wp:attachment":[{"href":"https:\/\/fle.univ-chlef.dz\/index.php?rest_route=%2Fwp%2Fv2%2Fmedia&parent=1010"}],"curies":[{"name":"wp","href":"https:\/\/api.w.org\/{rel}","templated":true}]}}