{"id":1008,"date":"2017-04-26T15:32:48","date_gmt":"2017-04-26T12:32:48","guid":{"rendered":"https:\/\/www.univ-chlef.dz\/fle\/?page_id=1008"},"modified":"2017-06-07T13:36:48","modified_gmt":"2017-06-07T10:36:48","slug":"modalite-de-pret","status":"publish","type":"page","link":"https:\/\/fle.univ-chlef.dz\/?page_id=1008","title":{"rendered":"Modalit\u00e9 de pr\u00eat"},"content":{"rendered":"<p><span style=\"font-family: 'times new roman', times, serif; font-size: 14pt;\">L\u2019acc\u00e8s a\u00a0la biblioth\u00e8que et aux salles de lecture de la FLE est ouvert aux:<\/span><br \/>\n<span style=\"font-family: 'times new roman', times, serif; font-size: 14pt;\"> \u2013 enseignants et \u00e9tudiants r\u00e9guli\u00e8rement inscrits \u00e0\u00a0l\u2019universit\u00e9 de Chlef et poss\u00e9dant une carte de biblioth\u00e8que qui est strictement personnelle.<\/span><br \/>\n<span style=\"font-family: 'times new roman', times, serif; font-size: 14pt;\"> -personnes externes\u00a0(\u00e9tudiants, enseignant, chercheur\u2026.) ayant obtenu une autorisation de la part de la conservatrice en chef \u00a0et qui doivent \u00eatre munis d\u2019une lettre de recommandation d\u2019acc\u00e8s aux biblioth\u00e8ques \u00e9manant de leur l\u2019\u00e9tablissement d\u2019origine.<\/span><\/p>\n<p><span style=\"font-family: 'times new roman', times, serif; font-size: 14pt;\"><strong>Proc\u00e9dure d pr\u00eat :<\/strong><\/span><br \/>\n<span style=\"font-family: 'times new roman', times, serif; font-size: 14pt;\"> -Remplir une fiche de pr\u00eat et la d\u00e9poser \u00e0 la banque de pr\u00eat (Pr\u00eat Interne ou Externe).<\/span><br \/>\n<span style=\"font-family: 'times new roman', times, serif; font-size: 14pt;\"> -Sur demande de l\u2019usager, un ouvrage peut \u00eatre mis de c\u00f4t\u00e9 et r\u00e9serv\u00e9<i>.\u00a0<\/i>Le d\u00e9lai de la r\u00e9servation est d\u2019une journ\u00e9e.<\/span><br \/>\n<span style=\"font-family: 'times new roman', times, serif; font-size: 14pt;\"> -Les ouvrages\u00a0emprunt\u00e9s \u00e0 la biblioth\u00e8que doivent etre restitu\u00e9s en main propre par le lecteur et la carte ne peut \u00eatre rendue qu\u2019\u00e0 son\u00a0titulaire.<\/span><\/p>\n<p><span style=\"font-family: 'times new roman', times, serif; font-size: 14pt;\"><strong>Types de pr\u00eat :<\/strong><\/span><br \/>\n<span style=\"font-family: 'times new roman', times, serif; font-size: 14pt;\"> Il existe deux proc\u00e9dures de pr\u00eat d\u2019ouvrages :<\/span><br \/>\n<span style=\"font-family: 'times new roman', times, serif; font-size: 14pt;\"> <strong>Le pr\u00eat interne<\/strong> : l\u2019usager est autoris\u00e9 \u00e0 consulter les documents au niveau des salles de lecture de la biblioth\u00e8que.<\/span><br \/>\n<span style=\"font-family: 'times new roman', times, serif; font-size: 14pt;\"> <strong>Le pr\u00eat externe<\/strong> : dans la mesure des moyens dont dispose les biblioth\u00e8ques, l\u2019emprunt se fait\u00a0comme suit :<\/span><\/p>\n<ul>\n<li><span style=\"font-family: 'times new roman', times, serif; font-size: 14pt;\">L\u2019\u00e9tudiant a le droit \u00e0 un (01) exemplaire pour une p\u00e9riode de 07 jours.<\/span><\/li>\n<li><span style=\"font-family: 'times new roman', times, serif; font-size: 14pt;\">Le Magisterant<em>\u00a0<\/em>a le droit \u00e0\u00a0deux (02) exemplaires pour une p\u00e9riode de 15 jours.<\/span><\/li>\n<li><span style=\"font-family: 'times new roman', times, serif; font-size: 14pt;\">Le doctorant a le droit \u00e0 deux (02) exemplaires pour une p\u00e9riode de 15 jours.<\/span><\/li>\n<li><span style=\"font-family: 'times new roman', times, serif; font-size: 14pt;\">L\u2019enseignant a le droit \u00e0\u00a0trois (03) exemplaires pour une p\u00e9riode d\u2019un (01) mois.<\/span><\/li>\n<li><span style=\"font-family: 'times new roman', times, serif; font-size: 14pt;\">Les personnes externes\u00a0peuvent faire\u00a0une photocopie de l\u2019ouvrage demand\u00e9.<\/span><\/li>\n<\/ul>\n<p><span style=\"font-family: 'times new roman', times, serif; font-size: 14pt;\"><strong>N.B :Chaque document emprunt\u00e9 peut faire l\u2019objet d\u2019une prolongation de pr\u00eat\u00a0sur autorisation de\u00a0la\u00a0conservatrice de la biblioth\u00e8que.\u00a0<\/strong><\/span><\/p>\n<p><span style=\"font-family: 'times new roman', times, serif; font-size: 14pt;\"><strong>Sont exclus du pr\u00eat :<\/strong><\/span><br \/>\n<span style=\"font-family: 'times new roman', times, serif; font-size: 14pt;\"> \u2013 Les ouvrages dits \u00ab usuels \u00bb tels que les dictionnaires, encyclop\u00e9dies, juris-classeurs, manuels, etc ;<\/span><br \/>\n<span style=\"font-family: 'times new roman', times, serif; font-size: 14pt;\"> \u2013 Les ouvrages de valeur;<\/span><br \/>\n<span style=\"font-family: 'times new roman', times, serif; font-size: 14pt;\"> \u2013 Les th\u00e8ses et p\u00e9riodiques;<\/span><br \/>\n<span style=\"font-family: 'times new roman', times, serif; font-size: 14pt;\"> \u2013 Tout ouvrage exclu du pr\u00eat par d\u00e9cision du responsable.<\/span><\/p>\n","protected":false},"excerpt":{"rendered":"<p>L\u2019acc\u00e8s a\u00a0la biblioth\u00e8que et aux salles de lecture de la FLE est ouvert aux: \u2013 enseignants et \u00e9tudiants r\u00e9guli\u00e8rement inscrits [&hellip;]<\/p>\n","protected":false},"author":5,"featured_media":0,"parent":205,"menu_order":0,"comment_status":"closed","ping_status":"closed","template":"","meta":{"_uag_custom_page_level_css":"","site-sidebar-layout":"default","site-content-layout":"","ast-site-content-layout":"default","site-content-style":"default","site-sidebar-style":"default","ast-global-header-display":"","ast-banner-title-visibility":"","ast-main-header-display":"","ast-hfb-above-header-display":"","ast-hfb-below-header-display":"","ast-hfb-mobile-header-display":"","site-post-title":"","ast-breadcrumbs-content":"","ast-featured-img":"","footer-sml-layout":"","ast-disable-related-posts":"","theme-transparent-header-meta":"","adv-header-id-meta":"","stick-header-meta":"","header-above-stick-meta":"","header-main-stick-meta":"","header-below-stick-meta":"","astra-migrate-meta-layouts":"default","ast-page-background-enabled":"default","ast-page-background-meta":{"desktop":{"background-color":"var(--ast-global-color-5)","background-image":"","background-repeat":"repeat","background-position":"center center","background-size":"auto","background-attachment":"scroll","background-type":"","background-media":"","overlay-type":"","overlay-color":"","overlay-opacity":"","overlay-gradient":""},"tablet":{"background-color":"","background-image":"","background-repeat":"repeat","background-position":"center center","background-size":"auto","background-attachment":"scroll","background-type":"","background-media":"","overlay-type":"","overlay-color":"","overlay-opacity":"","overlay-gradient":""},"mobile":{"background-color":"","background-image":"","background-repeat":"repeat","background-position":"center center","background-size":"auto","background-attachment":"scroll","background-type":"","background-media":"","overlay-type":"","overlay-color":"","overlay-opacity":"","overlay-gradient":""}},"ast-content-background-meta":{"desktop":{"background-color":"var(--ast-global-color-4)","background-image":"","background-repeat":"repeat","background-position":"center center","background-size":"auto","background-attachment":"scroll","background-type":"","background-media":"","overlay-type":"","overlay-color":"","overlay-opacity":"","overlay-gradient":""},"tablet":{"background-color":"var(--ast-global-color-4)","background-image":"","background-repeat":"repeat","background-position":"center center","background-size":"auto","background-attachment":"scroll","background-type":"","background-media":"","overlay-type":"","overlay-color":"","overlay-opacity":"","overlay-gradient":""},"mobile":{"background-color":"var(--ast-global-color-4)","background-image":"","background-repeat":"repeat","background-position":"center center","background-size":"auto","background-attachment":"scroll","background-type":"","background-media":"","overlay-type":"","overlay-color":"","overlay-opacity":"","overlay-gradient":""}},"footnotes":""},"class_list":["post-1008","page","type-page","status-publish","hentry"],"uagb_featured_image_src":{"full":false,"thumbnail":false,"medium":false,"medium_large":false,"large":false,"1536x1536":false,"2048x2048":false},"uagb_author_info":{"display_name":"","author_link":"https:\/\/fle.univ-chlef.dz\/?author=5"},"uagb_comment_info":0,"uagb_excerpt":"L\u2019acc\u00e8s a\u00a0la biblioth\u00e8que et aux salles de lecture de la FLE est ouvert aux: \u2013 enseignants et \u00e9tudiants r\u00e9guli\u00e8rement inscrits [&hellip;]","_links":{"self":[{"href":"https:\/\/fle.univ-chlef.dz\/index.php?rest_route=\/wp\/v2\/pages\/1008","targetHints":{"allow":["GET"]}}],"collection":[{"href":"https:\/\/fle.univ-chlef.dz\/index.php?rest_route=\/wp\/v2\/pages"}],"about":[{"href":"https:\/\/fle.univ-chlef.dz\/index.php?rest_route=\/wp\/v2\/types\/page"}],"author":[{"embeddable":true,"href":"https:\/\/fle.univ-chlef.dz\/index.php?rest_route=\/wp\/v2\/users\/5"}],"replies":[{"embeddable":true,"href":"https:\/\/fle.univ-chlef.dz\/index.php?rest_route=%2Fwp%2Fv2%2Fcomments&post=1008"}],"version-history":[{"count":2,"href":"https:\/\/fle.univ-chlef.dz\/index.php?rest_route=\/wp\/v2\/pages\/1008\/revisions"}],"predecessor-version":[{"id":1265,"href":"https:\/\/fle.univ-chlef.dz\/index.php?rest_route=\/wp\/v2\/pages\/1008\/revisions\/1265"}],"up":[{"embeddable":true,"href":"https:\/\/fle.univ-chlef.dz\/index.php?rest_route=\/wp\/v2\/pages\/205"}],"wp:attachment":[{"href":"https:\/\/fle.univ-chlef.dz\/index.php?rest_route=%2Fwp%2Fv2%2Fmedia&parent=1008"}],"curies":[{"name":"wp","href":"https:\/\/api.w.org\/{rel}","templated":true}]}}