{"id":1006,"date":"2017-04-26T15:25:54","date_gmt":"2017-04-26T12:25:54","guid":{"rendered":"https:\/\/www.univ-chlef.dz\/fle\/?page_id=1006"},"modified":"2017-06-07T13:36:13","modified_gmt":"2017-06-07T10:36:13","slug":"reglement-interieur","status":"publish","type":"page","link":"https:\/\/fle.univ-chlef.dz\/?page_id=1006","title":{"rendered":"R\u00e8glement int\u00e9rieur"},"content":{"rendered":"<p><span style=\"font-family: 'times new roman', times, serif; font-size: 14pt;\">Le bon fonctionnement des biblioth\u00e8ques de l\u2019universit\u00e9 Hassiba Benbouali de Chlef est soumis aux conditions suivantes\u00a0:<\/span><\/p>\n<p><span style=\"font-family: 'times new roman', times, serif; font-size: 14pt;\"><strong>I. Acc\u00e8s<\/strong><\/span><\/p>\n<p><span style=\"font-family: 'times new roman', times, serif; font-size: 14pt;\"><strong>Article 1\u00a0<\/strong>: L\u2019acc\u00e8s aux biblioth\u00e8ques et aux salles de lecture de l\u2019UHBC est ouvert aux\u00a0:<\/span><\/p>\n<ul>\n<li><span style=\"font-family: 'times new roman', times, serif; font-size: 14pt;\">Etudiants r\u00e9guli\u00e8rement inscrits,<\/span><\/li>\n<li><span style=\"font-family: 'times new roman', times, serif; font-size: 14pt;\">Enseignants,<\/span><\/li>\n<li><span style=\"font-family: 'times new roman', times, serif; font-size: 14pt;\">Enseignants et chercheurs externes ayant obtenu une autorisation.<\/span><\/li>\n<\/ul>\n<p><span style=\"font-family: 'times new roman', times, serif; font-size: 14pt;\"><strong>II. Gestion<\/strong><\/span><\/p>\n<p><span style=\"font-family: 'times new roman', times, serif; font-size: 14pt;\"><strong>Article 02<\/strong>\u00a0: <strong>Horaires d\u2019ouverture\u00a0de la\u00a0biblioth\u00e8que<\/strong><\/span><\/p>\n<p><span style=\"font-family: 'times new roman', times, serif; font-size: 14pt;\">La biblioth\u00e8que est ouverte de dimanche \u00e0 jeudi\u00a0comme suit\u00a0:<\/span><\/p>\n<ul>\n<li><span style=\"font-family: 'times new roman', times, serif; font-size: 14pt;\">de 08h30 \u00e0 12h<\/span><\/li>\n<li><span style=\"font-family: 'times new roman', times, serif; font-size: 14pt;\">de 13h \u00e0 16h<\/span><\/li>\n<\/ul>\n<p><span style=\"font-family: 'times new roman', times, serif; font-size: 14pt;\"><strong>Article 03<\/strong>\u00a0: La biblioth\u00e8que met \u00e0 la disposition de ses \u00e9tudiants un espace d\u00e9di\u00e9\u00a0\u00e0 la lecture et \u00e0 la recherche des ressources documentaires dans toutes les disciplines qu\u2019y sont disponibles.<\/span><\/p>\n<p><span style=\"font-family: 'times new roman', times, serif; font-size: 14pt;\"><strong>Article 04\u00a0<\/strong>: Les usagers de la biblioth\u00e8que obtiennent une carte de lecteur au d\u00e9but de chaque ann\u00e9e universitaire. Tout usager est responsable de sa carte qui est strictement personnelle, en aucun cas il ne doit\u00a0la pr\u00eater \u00e0 un tiers.<\/span><\/p>\n<p><span style=\"font-family: 'times new roman', times, serif; font-size: 14pt;\"><strong>Article 05<\/strong>\u00a0: <strong>Types de pr\u00eat\u00a0:<\/strong><\/span><\/p>\n<ul>\n<li><span style=\"font-family: 'times new roman', times, serif; font-size: 14pt;\"><strong>Pr\u00eat interne\u00a0<\/strong>: Les usagers de la biblioth\u00e8que sont autoris\u00e9s \u00e0 utiliser les ressources documentaires \u00e0 l\u2019int\u00e9rieur des salles de lecture.<\/span><\/li>\n<li><span style=\"font-family: 'times new roman', times, serif; font-size: 14pt;\"><strong>Pr\u00eat externe\u00a0<\/strong>: selon les capacit\u00e9s de la biblioth\u00e8que, le lecteur peut emprunter 03 livres pendant un mois pour les enseignants et les doctorants, et pas plus de 02 livres pour les autres \u00e9tudiants pour une dur\u00e9e n\u2019exc\u00e9dant pas 15 jours.<\/span><\/li>\n<\/ul>\n<p><span style=\"font-family: 'times new roman', times, serif; font-size: 14pt;\"><strong>Article 06<\/strong>\u00a0: Au cas o\u00f9 le lecteur manifeste un int\u00e9r\u00eat pour le livre, la biblioth\u00e8que peut prolonger la dur\u00e9e du pr\u00eat apr\u00e8s consultation.<\/span><\/p>\n<p><span style=\"font-family: 'times new roman', times, serif; font-size: 14pt;\"><strong>Article 07<\/strong>\u00a0: Sont exclus du pr\u00eat externe\u00a0: les ouvrages dits \u00ab usuels \u00bb tels que les dictionnaires, encyclop\u00e9dies, r\u00e9pertoires, ouvrages de r\u00e9f\u00e9rence, les recherches et les \u00e9tudes originales, th\u00e8ses et m\u00e9moires, cartes g\u00e9ographiques ; manuscrits et p\u00e9riodiques.<\/span><\/p>\n<p><span style=\"font-family: 'times new roman', times, serif; font-size: 14pt;\"><strong>Article 08<\/strong>\u00a0: Le lecteur\u00a0est responsable du\u00a0livre emprunt\u00e9. La d\u00e9t\u00e9rioration de ce dernier sera sanctionn\u00e9e par\u00a0une interdiction partielle ou totale du pr\u00eat.<\/span><\/p>\n<p><span style=\"font-family: 'times new roman', times, serif; font-size: 14pt;\"><strong>Article 09<\/strong>\u00a0: Le lecteur doit restituer le livre emprunt\u00e9 \u00e0 la biblioth\u00e8que en personne et la carte ne peut \u00eatre rendue qu\u2019\u00e0 son propri\u00e9taire.<\/span><\/p>\n<p><span style=\"font-family: 'times new roman', times, serif; font-size: 14pt;\"><strong>Article 10<\/strong>\u00a0: Lors de la d\u00e9livrance du dipl\u00f4me, la biblioth\u00e8que d\u00e9livre un Quitus, attestant la r\u00e9gularisation de l\u2019usager vis-\u00e0-vis du service de pr\u00eat.<\/span><\/p>\n<p><span style=\"font-family: 'times new roman', times, serif; font-size: 14pt;\"><strong>III.\u00a0<\/strong><b>R\u00e9glementations<\/b><\/span><\/p>\n<p><span style=\"font-family: 'times new roman', times, serif; font-size: 14pt;\"><strong>Article 11<\/strong>\u00a0: Chaque usager doit respecter les employ\u00e9s de la biblioth\u00e8que.<\/span><\/p>\n<p><span style=\"font-family: 'times new roman', times, serif; font-size: 14pt;\"><strong>Article 12<\/strong>\u00a0: Les usagers doivent pr\u00e9server la propret\u00e9 et la s\u00e9curit\u00e9 \u00e0 l\u2019int\u00e9rieur de la biblioth\u00e8que. Chaque usager de la Biblioth\u00e8que Universitaire est responsable de ses effets et objets personnels.<\/span><\/p>\n<p><span style=\"font-family: 'times new roman', times, serif; font-size: 14pt;\"><strong>Article 13\u00a0:<\/strong> Tous les agents et employ\u00e9s de la biblioth\u00e8que sont au service du lecteur. Ils veillent \u00e0 faire respecter le r\u00e8glement int\u00e9rieur et ils sont responsables de v\u00e9rifier les cartes de biblioth\u00e8que des \u00e9tudiants.<\/span><\/p>\n<p><span style=\"font-family: 'times new roman', times, serif; font-size: 14pt;\"><strong>IV. Interdictions<\/strong><\/span><\/p>\n<p><span style=\"font-family: 'times new roman', times, serif; font-size: 14pt;\"><strong>Article 14<\/strong>\u00a0: Il est strictement interdit de p\u00e9n\u00e9trer dans les espaces r\u00e9serv\u00e9s au personnel tels que les magasins.<\/span><\/p>\n<p><span style=\"font-family: 'times new roman', times, serif; font-size: 14pt;\"><strong>Article 15<\/strong>\u00a0: Les usagers doivent prendre soin des documents emprunt\u00e9s ; il est absolument interdit de d\u00e9couper des pages, d\u2019inscrire des notes ou de souligner des passages dans les documents.<\/span><\/p>\n<p><span style=\"font-family: 'times new roman', times, serif; font-size: 14pt;\"><strong>Article 16\u00a0<\/strong>: Les usagers sont invit\u00e9s \u00e0 travailler en silence : les salles de lecture sont avant tout des lieux de travail et d\u2019\u00e9tude o\u00f9 le confort sonore doit \u00eatre pr\u00e9serv\u00e9. Il est dont interdit de\u00a0:<\/span><\/p>\n<ul>\n<li><span style=\"font-family: 'times new roman', times, serif; font-size: 14pt;\">Parler et discuter \u00e0 haute voix, se balader entre les tables et d\u00e9placer les chaises.<\/span><\/li>\n<li><span style=\"font-family: 'times new roman', times, serif; font-size: 14pt;\">Utiliser les t\u00e9l\u00e9phones portables ou tout autre objet pouvant occasionner des nuisances sonores,<\/span><\/li>\n<li><span style=\"font-family: 'times new roman', times, serif; font-size: 14pt;\">Fumer, introduire et consommer boisson et nourriture, et lire des journaux,<\/span><\/li>\n<li><span style=\"font-family: 'times new roman', times, serif; font-size: 14pt;\">Parler et se regrouper au sein de la banque de pr\u00eat,<\/span><\/li>\n<li><span style=\"font-family: 'times new roman', times, serif; font-size: 14pt;\">Utiliser l\u2019ordinateur \u00e0 des fins personnelles, qui n\u2019ont rien \u00e0 avoir avec la recherche bibliographique,<\/span><\/li>\n<li><span style=\"font-family: 'times new roman', times, serif; font-size: 14pt;\">Poser les manteaux et les parapluies sur les tables.<\/span><\/li>\n<\/ul>\n<p><span style=\"font-family: 'times new roman', times, serif; font-size: 14pt;\"><strong>Article 17<\/strong>\u00a0: Tout comportement g\u00eanant le fonctionnement normal de la biblioth\u00e8que est sanctionn\u00e9 par\u00a0:<\/span><\/p>\n<ul>\n<li><span style=\"font-family: 'times new roman', times, serif; font-size: 14pt;\">Un avertissement ou une demande de quitter la biblioth\u00e8que.<\/span><\/li>\n<li><span style=\"font-family: 'times new roman', times, serif; font-size: 14pt;\">L\u2019exclusion de la biblioth\u00e8que<\/span><\/li>\n<li><span style=\"font-family: 'times new roman', times, serif; font-size: 14pt;\">Le d\u00e9dommagement et l\u2019interdiction d\u2019acc\u00e8s \u00e0 toutes les biblioth\u00e8ques de l\u2019universit\u00e9,<\/span><\/li>\n<li><span style=\"font-family: 'times new roman', times, serif; font-size: 14pt;\">Une convocation en conseil de discipline.<\/span><\/li>\n<\/ul>\n<p><span style=\"font-family: 'times new roman', times, serif; font-size: 14pt;\"><strong>V. Sanctions<\/strong><\/span><\/p>\n<p><span style=\"font-family: 'times new roman', times, serif; font-size: 14pt;\"><strong>Article 18<\/strong>\u00a0: Toute infraction d\u00e9lib\u00e9r\u00e9e aux r\u00e8gles communes qui y sont d\u00e9finies expose le contrevenant \u00e0 des sanctions ou des proc\u00e9dures l\u00e9gales.<\/span><\/p>\n<p><span style=\"font-family: 'times new roman', times, serif; font-size: 14pt;\">\u2013 Tout retard dans la restitution des documents est sanctionn\u00e9 par une suspension de pr\u00eat d\u2019une dur\u00e9e d\u00e9finie par la biblioth\u00e8que.<\/span><\/p>\n<p><span style=\"font-family: 'times new roman', times, serif; font-size: 14pt;\">\u2013 Tout document perdu ou d\u00e9t\u00e9rior\u00e9 devra \u00eatre rachet\u00e9 ou rembours\u00e9 par l\u2019emprunteur comme suit\u00a0:<\/span><\/p>\n<ul>\n<li><span style=\"font-family: 'times new roman', times, serif; font-size: 14pt;\">Le rachat du document dans sa version originale et int\u00e9grale, ou bien\u00a0:<\/span><\/li>\n<li><span style=\"font-family: 'times new roman', times, serif; font-size: 14pt;\">Le remboursement \u00e0 raison de 03 fois le prix public de l\u2019\u00e9diteur pour l\u2019\u00e9tudiant, 05 fois le prix pour l\u2019enseignant.<\/span><\/li>\n<\/ul>\n","protected":false},"excerpt":{"rendered":"<p>Le bon fonctionnement des biblioth\u00e8ques de l\u2019universit\u00e9 Hassiba Benbouali de Chlef est soumis aux conditions suivantes\u00a0: I. Acc\u00e8s Article 1\u00a0: [&hellip;]<\/p>\n","protected":false},"author":5,"featured_media":0,"parent":205,"menu_order":0,"comment_status":"closed","ping_status":"closed","template":"","meta":{"_uag_custom_page_level_css":"","site-sidebar-layout":"default","site-content-layout":"","ast-site-content-layout":"default","site-content-style":"default","site-sidebar-style":"default","ast-global-header-display":"","ast-banner-title-visibility":"","ast-main-header-display":"","ast-hfb-above-header-display":"","ast-hfb-below-header-display":"","ast-hfb-mobile-header-display":"","site-post-title":"","ast-breadcrumbs-content":"","ast-featured-img":"","footer-sml-layout":"","ast-disable-related-posts":"","theme-transparent-header-meta":"","adv-header-id-meta":"","stick-header-meta":"","header-above-stick-meta":"","header-main-stick-meta":"","header-below-stick-meta":"","astra-migrate-meta-layouts":"default","ast-page-background-enabled":"default","ast-page-background-meta":{"desktop":{"background-color":"var(--ast-global-color-5)","background-image":"","background-repeat":"repeat","background-position":"center center","background-size":"auto","background-attachment":"scroll","background-type":"","background-media":"","overlay-type":"","overlay-color":"","overlay-opacity":"","overlay-gradient":""},"tablet":{"background-color":"","background-image":"","background-repeat":"repeat","background-position":"center center","background-size":"auto","background-attachment":"scroll","background-type":"","background-media":"","overlay-type":"","overlay-color":"","overlay-opacity":"","overlay-gradient":""},"mobile":{"background-color":"","background-image":"","background-repeat":"repeat","background-position":"center center","background-size":"auto","background-attachment":"scroll","background-type":"","background-media":"","overlay-type":"","overlay-color":"","overlay-opacity":"","overlay-gradient":""}},"ast-content-background-meta":{"desktop":{"background-color":"var(--ast-global-color-4)","background-image":"","background-repeat":"repeat","background-position":"center center","background-size":"auto","background-attachment":"scroll","background-type":"","background-media":"","overlay-type":"","overlay-color":"","overlay-opacity":"","overlay-gradient":""},"tablet":{"background-color":"var(--ast-global-color-4)","background-image":"","background-repeat":"repeat","background-position":"center center","background-size":"auto","background-attachment":"scroll","background-type":"","background-media":"","overlay-type":"","overlay-color":"","overlay-opacity":"","overlay-gradient":""},"mobile":{"background-color":"var(--ast-global-color-4)","background-image":"","background-repeat":"repeat","background-position":"center center","background-size":"auto","background-attachment":"scroll","background-type":"","background-media":"","overlay-type":"","overlay-color":"","overlay-opacity":"","overlay-gradient":""}},"footnotes":""},"class_list":["post-1006","page","type-page","status-publish","hentry"],"uagb_featured_image_src":{"full":false,"thumbnail":false,"medium":false,"medium_large":false,"large":false,"1536x1536":false,"2048x2048":false},"uagb_author_info":{"display_name":"","author_link":"https:\/\/fle.univ-chlef.dz\/?author=5"},"uagb_comment_info":0,"uagb_excerpt":"Le bon fonctionnement des biblioth\u00e8ques de l\u2019universit\u00e9 Hassiba Benbouali de Chlef est soumis aux conditions suivantes\u00a0: I. Acc\u00e8s Article 1\u00a0: [&hellip;]","_links":{"self":[{"href":"https:\/\/fle.univ-chlef.dz\/index.php?rest_route=\/wp\/v2\/pages\/1006","targetHints":{"allow":["GET"]}}],"collection":[{"href":"https:\/\/fle.univ-chlef.dz\/index.php?rest_route=\/wp\/v2\/pages"}],"about":[{"href":"https:\/\/fle.univ-chlef.dz\/index.php?rest_route=\/wp\/v2\/types\/page"}],"author":[{"embeddable":true,"href":"https:\/\/fle.univ-chlef.dz\/index.php?rest_route=\/wp\/v2\/users\/5"}],"replies":[{"embeddable":true,"href":"https:\/\/fle.univ-chlef.dz\/index.php?rest_route=%2Fwp%2Fv2%2Fcomments&post=1006"}],"version-history":[{"count":2,"href":"https:\/\/fle.univ-chlef.dz\/index.php?rest_route=\/wp\/v2\/pages\/1006\/revisions"}],"predecessor-version":[{"id":1264,"href":"https:\/\/fle.univ-chlef.dz\/index.php?rest_route=\/wp\/v2\/pages\/1006\/revisions\/1264"}],"up":[{"embeddable":true,"href":"https:\/\/fle.univ-chlef.dz\/index.php?rest_route=\/wp\/v2\/pages\/205"}],"wp:attachment":[{"href":"https:\/\/fle.univ-chlef.dz\/index.php?rest_route=%2Fwp%2Fv2%2Fmedia&parent=1006"}],"curies":[{"name":"wp","href":"https:\/\/api.w.org\/{rel}","templated":true}]}}